{"id":7582,"date":"2026-02-09T15:30:10","date_gmt":"2026-02-09T15:30:10","guid":{"rendered":"https:\/\/hygie31.com\/?page_id=7582"},"modified":"2026-02-17T09:33:25","modified_gmt":"2026-02-17T09:33:25","slug":"formulaire-trophe-innovation","status":"publish","type":"page","link":"https:\/\/hygie31.com\/en\/formulaire-trophe-innovation\/","title":{"rendered":"Formulaire troph\u00e9 innovation"},"content":{"rendered":"\t\t<div data-elementor-type=\"wp-page\" data-elementor-id=\"7582\" class=\"elementor elementor-7582\" data-elementor-post-type=\"page\">\n\t\t\t\t<div class=\"elementor-element elementor-element-728e9e5c e-flex e-con-boxed e-con e-parent\" data-id=\"728e9e5c\" data-element_type=\"container\" data-e-type=\"container\">\n\t\t\t\t\t<div class=\"e-con-inner\">\n\t\t\t\t<div class=\"elementor-element elementor-element-c511bb9 elementor-widget elementor-widget-heading\" data-id=\"c511bb9\" data-element_type=\"widget\" data-e-type=\"widget\" data-widget_type=\"heading.default\">\n\t\t\t\t<div class=\"elementor-widget-container\">\n\t\t\t\t\t<h1 class=\"elementor-heading-title elementor-size-default\">Troph\u00e9es de l'innovation<\/h1>\t\t\t\t<\/div>\n\t\t\t\t<\/div>\n\t\t\t\t<div class=\"elementor-element elementor-element-63f2c19 elementor-widget elementor-widget-heading\" data-id=\"63f2c19\" data-element_type=\"widget\" data-e-type=\"widget\" data-widget_type=\"heading.default\">\n\t\t\t\t<div class=\"elementor-widget-container\">\n\t\t\t\t\t<h1 class=\"elementor-heading-title elementor-size-default\">Dossier de candidature  Fondation la sant\u00e9 pour tous Hygie31\n<\/h1>\t\t\t\t<\/div>\n\t\t\t\t<\/div>\n\t\t\t\t<div class=\"elementor-element elementor-element-e4423c8 elementor-widget__width-initial elementor-widget elementor-widget-text-editor\" data-id=\"e4423c8\" data-element_type=\"widget\" data-e-type=\"widget\" data-widget_type=\"text-editor.default\">\n\t\t\t\t<div class=\"elementor-widget-container\">\n\t\t\t\t\t\t\t\t\t<p>Dossier de candidature pour les Troph\u00e9es de l&rsquo;innovation, \u00e0 remplir par les porteurs de projets<\/p>\t\t\t\t\t\t\t\t<\/div>\n\t\t\t\t<\/div>\n\t\t\t\t<div class=\"elementor-element elementor-element-30e45d5 elementor-align-center elementor-mobile-align-center elementor-widget elementor-widget-button\" data-id=\"30e45d5\" data-element_type=\"widget\" data-e-type=\"widget\" data-widget_type=\"button.default\">\n\t\t\t\t<div class=\"elementor-widget-container\">\n\t\t\t\t\t\t\t\t\t<div class=\"elementor-button-wrapper\">\n\t\t\t\t\t<a class=\"elementor-button elementor-button-link elementor-size-sm elementor-animation-shrink\" href=\"https:\/\/hygie31.com\/wp-content\/uploads\/2026\/02\/Formumaire-Trophe-innovation2026-Hygie31.pdf\">\n\t\t\t\t\t\t<span class=\"elementor-button-content-wrapper\">\n\t\t\t\t\t\t<span class=\"elementor-button-icon\">\n\t\t\t\t<svg aria-hidden=\"true\" class=\"e-font-icon-svg e-fas-chevron-right\" viewBox=\"0 0 320 512\" xmlns=\"http:\/\/www.w3.org\/2000\/svg\"><path d=\"M285.476 272.971L91.132 467.314c-9.373 9.373-24.569 9.373-33.941 0l-22.667-22.667c-9.357-9.357-9.375-24.522-.04-33.901L188.505 256 34.484 101.255c-9.335-9.379-9.317-24.544.04-33.901l22.667-22.667c9.373-9.373 24.569-9.373 33.941 0L285.475 239.03c9.373 9.372 9.373 24.568.001 33.941z\"><\/path><\/svg>\t\t\t<\/span>\n\t\t\t\t\t\t\t\t\t<span class=\"elementor-button-text\">T\u00e9l\u00e9charger le formulaire vierge ici<\/span>\n\t\t\t\t\t<\/span>\n\t\t\t\t\t<\/a>\n\t\t\t\t<\/div>\n\t\t\t\t\t\t\t\t<\/div>\n\t\t\t\t<\/div>\n\t\t\t\t<div class=\"elementor-element elementor-element-3c27699 elementor-widget__width-initial elementor-widget elementor-widget-text-editor\" data-id=\"3c27699\" data-element_type=\"widget\" data-e-type=\"widget\" data-widget_type=\"text-editor.default\">\n\t\t\t\t<div class=\"elementor-widget-container\">\n\t\t\t\t\t\t\t\t\t<p>Ce document a pour objectif de vous aider \u00e0 pr\u00e9parer vos r\u00e9ponses, <br \/>mais il ne se substitue pas au remplissage du formulaire en ligne.<\/p>\t\t\t\t\t\t\t\t<\/div>\n\t\t\t\t<\/div>\n\t\t\t\t<div class=\"elementor-element elementor-element-66054eb elementor-widget elementor-widget-formidable\" data-id=\"66054eb\" data-element_type=\"widget\" data-e-type=\"widget\" data-widget_type=\"formidable.default\">\n\t\t\t\t<div class=\"elementor-widget-container\">\n\t\t\t\t\t<div class=\"frm_forms  with_frm_style frm_style_style-formidable\" id=\"frm_form_6_container\" data-token=\"0f7d517e665976fb24324fa604a14110\">\n<form enctype=\"multipart\/form-data\" method=\"post\" class=\"frm-show-form  frm_pro_form \" id=\"form_lupdb\" data-token=\"0f7d517e665976fb24324fa604a14110\">\n<div class=\"frm_form_fields  frm_page_num_1\">\n<fieldset>\n<legend class=\"frm_screen_reader\">Troph\u00e9es Innovation<\/legend>\r\n\r\n<div class=\"frm_fields_container\">\n<div class=\"frm_rootline_group\" role=\"group\" tabindex=\"0\" aria-label=\"Page 1 of 7\" ><ul class=\"frm_page_bar frm_rootline_7 frm_rootline frm_rootline_line  frm_show_lines \"><li class=\"frm_rootline_single frm_current_page\"><input type=\"button\" value=\"1\" data-page=\"\" class=\" frm_page_1\" aria-disabled=\"true\" data-field=\"0\" aria-label=\"Page 1\"  \/><\/li><li class=\"frm_rootline_single\"><input type=\"button\" value=\"2\" data-page=\"8\" class=\"frm_page_skip frm_page_2\" data-field=\"141\" aria-label=\"Suivant\"  \/><\/li><li class=\"frm_rootline_single\"><input type=\"button\" value=\"3\" data-page=\"20\" class=\"frm_page_skip frm_page_3\" data-field=\"149\" aria-label=\"Suivant\"  \/><\/li><li class=\"frm_rootline_single\"><input type=\"button\" value=\"4\" data-page=\"32\" class=\"frm_page_skip frm_page_4\" data-field=\"155\" aria-label=\"Suivant\"  \/><\/li><li class=\"frm_rootline_single\"><input type=\"button\" value=\"5\" data-page=\"48\" class=\"frm_page_skip frm_page_5\" data-field=\"163\" aria-label=\"Suivant\"  \/><\/li><li class=\"frm_rootline_single\"><input type=\"button\" value=\"6\" data-page=\"70\" class=\"frm_page_skip frm_page_6\" data-field=\"185\" aria-label=\"Suivant\"  \/><\/li>\t\t<li class=\"frm_rootline_single frm_rootline_show_hidden_steps_btn frm_hidden\">\n\t\t\t<input type=\"button\" class=\"frm_rootline_show_more_btn\" value=\"\u00b7\u00b7\u00b7\" \/>\n\t\t\t<ul class=\"frm_rootline_hidden_steps frm_hidden\"><\/ul>\n\t\t<\/li>\n\t\t<li class=\"frm_rootline_single\"><input type=\"button\" value=\"7\" data-page=\"90\" class=\"frm_page_skip frm_page_7\" data-field=\"193\" aria-label=\"Suivant\"  \/><\/li><\/ul><div class=\"frm_clearfix\"><\/div><\/div><input type=\"hidden\" name=\"frm_action\" value=\"create\" \/>\n<input type=\"hidden\" name=\"form_id\" value=\"6\" \/>\n<input type=\"hidden\" name=\"frm_hide_fields_6\" id=\"frm_hide_fields_6\" value=\"\" \/>\n<input type=\"hidden\" name=\"form_key\" value=\"lupdb\" \/>\n<input type=\"hidden\" name=\"item_meta[0]\" value=\"\" \/>\n<input type=\"hidden\" id=\"frm_submit_entry_6\" name=\"frm_submit_entry_6\" value=\"0e85aca018\" \/><input type=\"hidden\" name=\"_wp_http_referer\" value=\"\/en\/wp-json\/wp\/v2\/pages\/7582\" \/><div id=\"frm_field_138_container\" class=\"frm_form_field form-field  frm_required_field frm_top_container\">\r\n\t<label for=\"field_y01vr\" id=\"field_y01vr_label\" class=\"frm_primary_label\">Adresse e-mail\r\n\t\t<span class=\"frm_required\" aria-hidden=\"true\">*<\/span>\r\n\t<\/label>\r\n\t<input type=\"email\" id=\"field_y01vr\" name=\"item_meta[138]\" value=\"\"  autocomplete=\"email\"  data-reqmsg=\"Adresse e-mail ne peut pas \u00eatre vide.\" aria-required=\"true\" data-invmsg=\"Adresse e-mail est non valide\" aria-invalid=\"false\"  \/>\r\n\t\r\n\t\r\n<\/div>\n<div id=\"frm_field_139_container\" class=\"frm_form_field form-field  frm_required_field frm_top_container\">\r\n\t<label for=\"field_foe58\" id=\"field_foe58_label\" class=\"frm_primary_label\">Nom et raison sociale de l'ASSOCIATION candidate\r\n\t\t<span class=\"frm_required\" aria-hidden=\"true\">*<\/span>\r\n\t<\/label>\r\n\t<input  type=\"text\" id=\"field_foe58\" name=\"item_meta[139]\" value=\"\"  data-reqmsg=\"Nom et raison sociale de l&#039;ASSOCIATION candidate ne peut pas \u00eatre vide.\" aria-required=\"true\" data-invmsg=\"Nom et raison sociale de l&#039;ASSOCIATION candidate est non valide\" aria-invalid=\"false\"   \/>\r\n\t\r\n\t\r\n<\/div>\n<div id=\"frm_field_140_container\" class=\"frm_form_field form-field  frm_required_field frm_top_container\">\r\n\t<label for=\"field_k9dja\" id=\"field_k9dja_label\" class=\"frm_primary_label\">Identit\u00e9 du candidat repr\u00e9sentant l'association candidate : Nom et Pr\u00e9nom\r\n\t\t<span class=\"frm_required\" aria-hidden=\"true\">*<\/span>\r\n\t<\/label>\r\n\t<input  type=\"text\" id=\"field_k9dja\" name=\"item_meta[140]\" value=\"\"  data-reqmsg=\"Identit\u00e9 du candidat repr\u00e9sentant l&#039;association candidate : Nom et Pr\u00e9nom ne peut pas \u00eatre vide.\" aria-required=\"true\" data-invmsg=\"Identit\u00e9 du candidat repr\u00e9sentant l&#039;association candidate : Nom et Pr\u00e9nom est non valide\" aria-invalid=\"false\"   \/>\r\n\t\r\n\t\r\n<\/div>\n<input type=\"hidden\" name=\"frm_page_order_6\" id=\"frm_page_order_6\" value=\"8\" \/>\t\t<input  type=\"hidden\" name=\"item_meta[142]\" id=\"field_dfphk\" value=\"\"  autocomplete=\"email\"     \/>\n\t\t\t\t<input  type=\"hidden\" name=\"item_meta[143]\" id=\"field_k1j7y\" value=\"\"     \/>\n\t\t\t\t<input  type=\"hidden\" name=\"item_meta[228]\" id=\"field_6qcuz\" value=\"\"     \/>\n\t\t\t\t<input  type=\"hidden\" name=\"item_meta[145]\" id=\"field_y24gv\" value=\"\"     \/>\n\t\t\t\t<input  type=\"hidden\" name=\"item_meta[148]\" id=\"field_2zel2-0\" value=\"\"     \/>\n\t\t\t\t<input  type=\"hidden\" name=\"item_meta[149]\" id=\"field_ya29y\" value=\"\"     \/>\n\t\t\t\t<input  type=\"hidden\" name=\"item_meta[150]\" id=\"field_z8ur0\" value=\"\"     \/>\n\t\t\t\t<input  type=\"hidden\" name=\"item_meta[151]\" id=\"field_kibnh\" value=\"\"     \/>\n\t\t\t\t<input  type=\"hidden\" name=\"item_meta[152]\" id=\"field_p8br\" value=\"\"     \/>\n\t\t\t\t<input  type=\"hidden\" name=\"item_meta[153]\" id=\"field_bqqv4\" value=\"\"     \/>\n\t\t\t\t<input  type=\"hidden\" name=\"item_meta[154]\" id=\"field_yuqrj\" value=\"\"     \/>\n\t\t\t\t<input  type=\"hidden\" name=\"item_meta[155]\" id=\"field_zapo2\" value=\"\"     \/>\n\t\t\t\t<input  type=\"hidden\" name=\"item_meta[156]\" id=\"field_sovit\" value=\"\"     \/>\n\t\t\t\t<input  type=\"hidden\" name=\"item_meta[157]\" id=\"field_625ei\" value=\"\"     \/>\n\t\t\t\t<input  type=\"hidden\" name=\"item_meta[158]\" id=\"field_49mpe\" value=\"\"     \/>\n\t\t\t\t<input  type=\"hidden\" name=\"item_meta[159]\" id=\"field_iin17\" value=\"\"     \/>\n\t\t\t\t<input  type=\"hidden\" name=\"item_meta[160]\" id=\"field_jsdh2\" value=\"\"     \/>\n\t\t\t\t<input  type=\"hidden\" name=\"item_meta[161]\" id=\"field_4xoeg\" value=\"\"     \/>\n\t\t\t\t<input  type=\"hidden\" name=\"item_meta[162]\" id=\"field_7ying\" value=\"\"     \/>\n\t\t\t\t<input  type=\"hidden\" name=\"item_meta[163]\" id=\"field_c4pf2\" value=\"\"     \/>\n\t\t\t\t<input  type=\"hidden\" name=\"item_meta[165]\" id=\"field_25cjd\" value=\"\"     \/>\n\t\t\t\t<input  type=\"hidden\" name=\"item_meta[166]\" id=\"field_k1oo0\" value=\"\"     \/>\n\t\t\t\t<input  type=\"hidden\" name=\"item_meta[167]\" id=\"field_b7yid\" value=\"\"     \/>\n\t\t\t\t<input  type=\"hidden\" name=\"item_meta[168]\" id=\"field_dak2b\" value=\"\"     \/>\n\t\t\t\t<input  type=\"hidden\" name=\"item_meta[169]\" id=\"field_l8w69\" value=\"\"     \/>\n\t\t\t\t<input  type=\"hidden\" name=\"item_meta[170]\" id=\"field_s3bup\" value=\"\"     \/>\n\t\t\t\t<input  type=\"hidden\" name=\"item_meta[171]\" id=\"field_iu7p6\" value=\"\"     \/>\n\t\t\t\t<input  type=\"hidden\" name=\"item_meta[172]\" id=\"field_10f8s\" value=\"\"     \/>\n\t\t\t\t<input  type=\"hidden\" name=\"item_meta[173]\" id=\"field_y5vce\" value=\"\"     \/>\n\t\t\t\t<input  type=\"hidden\" name=\"item_meta[185]\" id=\"field_hzm71\" value=\"\"     \/>\n\t\t\t\t<input  type=\"hidden\" name=\"item_meta[186]\" id=\"field_4f1ai\" value=\"\"     \/>\n\t\t\t\t<input  type=\"hidden\" name=\"item_meta[187]\" id=\"field_2xewo\" value=\"\"     \/>\n\t\t\t\t<input  type=\"hidden\" name=\"item_meta[215]\" id=\"field_ad5r8\" value=\"\"     \/>\n\t\t\t\t<input  type=\"hidden\" name=\"item_meta[216]\" id=\"field_z05nd\" value=\"\"     \/>\n\t\t\t\t<input  type=\"hidden\" name=\"item_meta[188]\" id=\"field_avq2m\" value=\"\"     \/>\n\t\t\t\t<input  type=\"hidden\" name=\"item_meta[217]\" id=\"field_sd3ow\" value=\"\"     \/>\n\t\t\t\t<input  type=\"hidden\" name=\"item_meta[218]\" id=\"field_m03tt\" value=\"\"     \/>\n\t\t\t\t<input  type=\"hidden\" name=\"item_meta[191]\" id=\"field_femhi\" value=\"\"     \/>\n\t\t\t\t<input  type=\"hidden\" name=\"item_meta[192]\" id=\"field_hyya4\" value=\"\"     \/>\n\t\t\t\t<input  type=\"hidden\" name=\"item_meta[193]\" id=\"field_5cdy\" value=\"\"     \/>\n\t\t\t\t<input  type=\"hidden\" name=\"item_meta[219]\" id=\"field_lfau3\" value=\"\"     \/>\n\t\t\t\t<input  type=\"hidden\" name=\"item_meta[419]\" id=\"field_y3zq4\" value=\"\"     \/>\n\t\t\t\t<input  type=\"hidden\" name=\"item_meta[137]\" id=\"field_envoyer4\" value=\"\"     \/>\n\t\t\t<input type=\"hidden\" name=\"item_key\" value=\"\" \/>\n\t\t\t<div id=\"frm_field_420_container\">\n\t\t\t<label for=\"field_im43u\" >\n\t\t\t\tIf you are human, leave this field blank.\t\t\t<\/label>\n\t\t\t<input  id=\"field_im43u\" type=\"text\" class=\"frm_form_field form-field frm_verify\" name=\"item_meta[420]\" value=\"\"  \/>\n\t\t<\/div>\n\t\t<input name=\"frm_state\" type=\"hidden\" value=\"9bQ3oWDh0WJ8o7ZVD46+l05Pkr4mZ9R3q0K7\/sHTlEISYI7paHa1jPqQ4k27idUQ\" \/><div class=\"frm_submit frm_flex\">\r\n<button class=\"frm_button_submit\" type=\"submit\"   formnovalidate=\"formnovalidate\">Suivant<\/button>\r\n\r\n\r\n\r\n<\/div><\/div>\n<\/fieldset>\n<\/div>\n\n<\/form>\n<\/div>\n\t\t\t\t<\/div>\n\t\t\t\t<\/div>\n\t\t\t\t\t<\/div>\n\t\t\t\t<\/div>\n\t\t\t\t<\/div>\n\t\t","protected":false},"excerpt":{"rendered":"<p>Troph\u00e9es de l&rsquo;innovation Dossier de candidature Fondation la sant\u00e9 pour tous Hygie31 Dossier de candidature pour les Troph\u00e9es de l&rsquo;innovation, \u00e0 remplir par les porteurs de projets T\u00e9l\u00e9charger le formulaire vierge ici Ce document a pour objectif de vous aider \u00e0 pr\u00e9parer vos r\u00e9ponses, mais il ne se substitue pas au remplissage du formulaire en [&hellip;]<\/p>\n","protected":false},"author":1,"featured_media":0,"parent":0,"menu_order":0,"comment_status":"closed","ping_status":"closed","template":"","meta":{"_acf_changed":false,"inline_featured_image":false,"footnotes":""},"class_list":["post-7582","page","type-page","status-publish","hentry"],"acf":[],"yoast_head":"<!-- This site is optimized with the Yoast SEO plugin v27.2 - https:\/\/yoast.com\/product\/yoast-seo-wordpress\/ -->\n<title>Formulaire troph\u00e9 innovation - Hygie31<\/title>\n<meta name=\"robots\" content=\"index, follow, max-snippet:-1, max-image-preview:large, max-video-preview:-1\" \/>\n<link rel=\"canonical\" href=\"https:\/\/hygie31.com\/en\/formulaire-trophe-innovation\/\" \/>\n<meta property=\"og:locale\" content=\"en_US\" \/>\n<meta property=\"og:type\" content=\"article\" \/>\n<meta property=\"og:title\" content=\"Formulaire troph\u00e9 innovation - Hygie31\" \/>\n<meta property=\"og:description\" content=\"Troph\u00e9es de l&rsquo;innovation Dossier de candidature Fondation la sant\u00e9 pour tous Hygie31 Dossier de candidature pour les Troph\u00e9es de l&rsquo;innovation, \u00e0 remplir par les porteurs de projets T\u00e9l\u00e9charger le formulaire vierge ici Ce document a pour objectif de vous aider \u00e0 pr\u00e9parer vos r\u00e9ponses, mais il ne se substitue pas au remplissage du formulaire en [&hellip;]\" \/>\n<meta property=\"og:url\" content=\"https:\/\/hygie31.com\/en\/formulaire-trophe-innovation\/\" \/>\n<meta property=\"og:site_name\" content=\"Hygie31\" \/>\n<meta property=\"article:modified_time\" content=\"2026-02-17T09:33:25+00:00\" \/>\n<meta name=\"twitter:card\" content=\"summary_large_image\" \/>\n<meta name=\"twitter:label1\" content=\"Est. reading time\" \/>\n\t<meta name=\"twitter:data1\" content=\"1 minute\" \/>\n<script type=\"application\/ld+json\" class=\"yoast-schema-graph\">{\"@context\":\"https:\/\/schema.org\",\"@graph\":[{\"@type\":\"WebPage\",\"@id\":\"https:\/\/hygie31.com\/formulaire-trophe-innovation\/\",\"url\":\"https:\/\/hygie31.com\/formulaire-trophe-innovation\/\",\"name\":\"Formulaire troph\u00e9 innovation - Hygie31\",\"isPartOf\":{\"@id\":\"https:\/\/hygie31.com\/#website\"},\"datePublished\":\"2026-02-09T15:30:10+00:00\",\"dateModified\":\"2026-02-17T09:33:25+00:00\",\"breadcrumb\":{\"@id\":\"https:\/\/hygie31.com\/formulaire-trophe-innovation\/#breadcrumb\"},\"inLanguage\":\"en-US\",\"potentialAction\":[{\"@type\":\"ReadAction\",\"target\":[\"https:\/\/hygie31.com\/formulaire-trophe-innovation\/\"]}]},{\"@type\":\"BreadcrumbList\",\"@id\":\"https:\/\/hygie31.com\/formulaire-trophe-innovation\/#breadcrumb\",\"itemListElement\":[{\"@type\":\"ListItem\",\"position\":1,\"name\":\"Accueil\",\"item\":\"https:\/\/hygie31.com\/\"},{\"@type\":\"ListItem\",\"position\":2,\"name\":\"Formulaire troph\u00e9 innovation\"}]},{\"@type\":\"WebSite\",\"@id\":\"https:\/\/hygie31.com\/#website\",\"url\":\"https:\/\/hygie31.com\/\",\"name\":\"Hygie31\",\"description\":\"\",\"publisher\":{\"@id\":\"https:\/\/hygie31.com\/#organization\"},\"potentialAction\":[{\"@type\":\"SearchAction\",\"target\":{\"@type\":\"EntryPoint\",\"urlTemplate\":\"https:\/\/hygie31.com\/?s={search_term_string}\"},\"query-input\":{\"@type\":\"PropertyValueSpecification\",\"valueRequired\":true,\"valueName\":\"search_term_string\"}}],\"inLanguage\":\"en-US\"},{\"@type\":\"Organization\",\"@id\":\"https:\/\/hygie31.com\/#organization\",\"name\":\"Hygie31\",\"url\":\"https:\/\/hygie31.com\/\",\"logo\":{\"@type\":\"ImageObject\",\"inLanguage\":\"en-US\",\"@id\":\"https:\/\/hygie31.com\/#\/schema\/logo\/image\/\",\"url\":\"https:\/\/hygie31.com\/wp-content\/uploads\/2023\/11\/cropped-logo.png\",\"contentUrl\":\"https:\/\/hygie31.com\/wp-content\/uploads\/2023\/11\/cropped-logo.png\",\"width\":149,\"height\":78,\"caption\":\"Hygie31\"},\"image\":{\"@id\":\"https:\/\/hygie31.com\/#\/schema\/logo\/image\/\"}}]}<\/script>\n<!-- \/ Yoast SEO plugin. -->","yoast_head_json":{"title":"Formulaire troph\u00e9 innovation - Hygie31","robots":{"index":"index","follow":"follow","max-snippet":"max-snippet:-1","max-image-preview":"max-image-preview:large","max-video-preview":"max-video-preview:-1"},"canonical":"https:\/\/hygie31.com\/en\/formulaire-trophe-innovation\/","og_locale":"en_US","og_type":"article","og_title":"Formulaire troph\u00e9 innovation - Hygie31","og_description":"Troph\u00e9es de l&rsquo;innovation Dossier de candidature Fondation la sant\u00e9 pour tous Hygie31 Dossier de candidature pour les Troph\u00e9es de l&rsquo;innovation, \u00e0 remplir par les porteurs de projets T\u00e9l\u00e9charger le formulaire vierge ici Ce document a pour objectif de vous aider \u00e0 pr\u00e9parer vos r\u00e9ponses, mais il ne se substitue pas au remplissage du formulaire en [&hellip;]","og_url":"https:\/\/hygie31.com\/en\/formulaire-trophe-innovation\/","og_site_name":"Hygie31","article_modified_time":"2026-02-17T09:33:25+00:00","twitter_card":"summary_large_image","twitter_misc":{"Est. reading time":"1 minute"},"schema":{"@context":"https:\/\/schema.org","@graph":[{"@type":"WebPage","@id":"https:\/\/hygie31.com\/formulaire-trophe-innovation\/","url":"https:\/\/hygie31.com\/formulaire-trophe-innovation\/","name":"Formulaire troph\u00e9 innovation - Hygie31","isPartOf":{"@id":"https:\/\/hygie31.com\/#website"},"datePublished":"2026-02-09T15:30:10+00:00","dateModified":"2026-02-17T09:33:25+00:00","breadcrumb":{"@id":"https:\/\/hygie31.com\/formulaire-trophe-innovation\/#breadcrumb"},"inLanguage":"en-US","potentialAction":[{"@type":"ReadAction","target":["https:\/\/hygie31.com\/formulaire-trophe-innovation\/"]}]},{"@type":"BreadcrumbList","@id":"https:\/\/hygie31.com\/formulaire-trophe-innovation\/#breadcrumb","itemListElement":[{"@type":"ListItem","position":1,"name":"Accueil","item":"https:\/\/hygie31.com\/"},{"@type":"ListItem","position":2,"name":"Formulaire troph\u00e9 innovation"}]},{"@type":"WebSite","@id":"https:\/\/hygie31.com\/#website","url":"https:\/\/hygie31.com\/","name":"Hygie31","description":"","publisher":{"@id":"https:\/\/hygie31.com\/#organization"},"potentialAction":[{"@type":"SearchAction","target":{"@type":"EntryPoint","urlTemplate":"https:\/\/hygie31.com\/?s={search_term_string}"},"query-input":{"@type":"PropertyValueSpecification","valueRequired":true,"valueName":"search_term_string"}}],"inLanguage":"en-US"},{"@type":"Organization","@id":"https:\/\/hygie31.com\/#organization","name":"Hygie31","url":"https:\/\/hygie31.com\/","logo":{"@type":"ImageObject","inLanguage":"en-US","@id":"https:\/\/hygie31.com\/#\/schema\/logo\/image\/","url":"https:\/\/hygie31.com\/wp-content\/uploads\/2023\/11\/cropped-logo.png","contentUrl":"https:\/\/hygie31.com\/wp-content\/uploads\/2023\/11\/cropped-logo.png","width":149,"height":78,"caption":"Hygie31"},"image":{"@id":"https:\/\/hygie31.com\/#\/schema\/logo\/image\/"}}]}},"_links":{"self":[{"href":"https:\/\/hygie31.com\/en\/wp-json\/wp\/v2\/pages\/7582","targetHints":{"allow":["GET"]}}],"collection":[{"href":"https:\/\/hygie31.com\/en\/wp-json\/wp\/v2\/pages"}],"about":[{"href":"https:\/\/hygie31.com\/en\/wp-json\/wp\/v2\/types\/page"}],"author":[{"embeddable":true,"href":"https:\/\/hygie31.com\/en\/wp-json\/wp\/v2\/users\/1"}],"replies":[{"embeddable":true,"href":"https:\/\/hygie31.com\/en\/wp-json\/wp\/v2\/comments?post=7582"}],"version-history":[{"count":37,"href":"https:\/\/hygie31.com\/en\/wp-json\/wp\/v2\/pages\/7582\/revisions"}],"predecessor-version":[{"id":8182,"href":"https:\/\/hygie31.com\/en\/wp-json\/wp\/v2\/pages\/7582\/revisions\/8182"}],"wp:attachment":[{"href":"https:\/\/hygie31.com\/en\/wp-json\/wp\/v2\/media?parent=7582"}],"curies":[{"name":"wp","href":"https:\/\/api.w.org\/{rel}","templated":true}]}}