{"id":7580,"date":"2026-02-09T15:29:35","date_gmt":"2026-02-09T15:29:35","guid":{"rendered":"https:\/\/hygie31.com\/?page_id=7580"},"modified":"2026-02-17T09:33:42","modified_gmt":"2026-02-17T09:33:42","slug":"formulaire-association","status":"publish","type":"page","link":"https:\/\/hygie31.com\/en\/formulaire-association\/","title":{"rendered":"Formulaire association"},"content":{"rendered":"\t\t<div data-elementor-type=\"wp-page\" data-elementor-id=\"7580\" class=\"elementor elementor-7580\" data-elementor-post-type=\"page\">\n\t\t\t\t<div class=\"elementor-element elementor-element-13bcc29 e-flex e-con-boxed e-con e-parent\" data-id=\"13bcc29\" data-element_type=\"container\" data-e-type=\"container\">\n\t\t\t\t\t<div class=\"e-con-inner\">\n\t\t\t\t<div class=\"elementor-element elementor-element-3277756 elementor-widget elementor-widget-heading\" data-id=\"3277756\" data-element_type=\"widget\" data-e-type=\"widget\" data-widget_type=\"heading.default\">\n\t\t\t\t<div class=\"elementor-widget-container\">\n\t\t\t\t\t<h1 class=\"elementor-heading-title elementor-size-default\"> Prix de l'engagement <br>Association<\/h1>\t\t\t\t<\/div>\n\t\t\t\t<\/div>\n\t\t\t\t<div class=\"elementor-element elementor-element-5ab4f03 elementor-widget elementor-widget-heading\" data-id=\"5ab4f03\" data-element_type=\"widget\" data-e-type=\"widget\" data-widget_type=\"heading.default\">\n\t\t\t\t<div class=\"elementor-widget-container\">\n\t\t\t\t\t<h1 class=\"elementor-heading-title elementor-size-default\">Fondation la sant\u00e9 pour tous Hygie31<\/h1>\t\t\t\t<\/div>\n\t\t\t\t<\/div>\n\t\t\t\t<div class=\"elementor-element elementor-element-6daed5e elementor-widget__width-initial elementor-widget elementor-widget-text-editor\" data-id=\"6daed5e\" data-element_type=\"widget\" data-e-type=\"widget\" data-widget_type=\"text-editor.default\">\n\t\t\t\t<div class=\"elementor-widget-container\">\n\t\t\t\t\t\t\t\t\t<p>Si vous \u00eates un association et que vous souhaitez candidater pour le Prix de l&rsquo;Engagement propos\u00e9 par la Fondation La sant\u00e9 pour tous Hygie 31, remplissez le formulaire ci-dessous et envoyez nous les documents demand\u00e9s en fin de questionnaire. Si vous avez la moindre question, vous pouvez nous contacter : fondation@hygie31group.com<\/p>\t\t\t\t\t\t\t\t<\/div>\n\t\t\t\t<\/div>\n\t\t\t\t<div class=\"elementor-element elementor-element-2707a10 elementor-align-center elementor-mobile-align-center elementor-widget elementor-widget-button\" data-id=\"2707a10\" data-element_type=\"widget\" data-e-type=\"widget\" data-widget_type=\"button.default\">\n\t\t\t\t<div class=\"elementor-widget-container\">\n\t\t\t\t\t\t\t\t\t<div class=\"elementor-button-wrapper\">\n\t\t\t\t\t<a class=\"elementor-button elementor-button-link elementor-size-sm elementor-animation-shrink\" href=\"https:\/\/hygie31.com\/wp-content\/uploads\/2026\/02\/Formuaire-association2026.pdf\">\n\t\t\t\t\t\t<span class=\"elementor-button-content-wrapper\">\n\t\t\t\t\t\t<span class=\"elementor-button-icon\">\n\t\t\t\t<svg aria-hidden=\"true\" class=\"e-font-icon-svg e-fas-chevron-right\" viewBox=\"0 0 320 512\" xmlns=\"http:\/\/www.w3.org\/2000\/svg\"><path d=\"M285.476 272.971L91.132 467.314c-9.373 9.373-24.569 9.373-33.941 0l-22.667-22.667c-9.357-9.357-9.375-24.522-.04-33.901L188.505 256 34.484 101.255c-9.335-9.379-9.317-24.544.04-33.901l22.667-22.667c9.373-9.373 24.569-9.373 33.941 0L285.475 239.03c9.373 9.372 9.373 24.568.001 33.941z\"><\/path><\/svg>\t\t\t<\/span>\n\t\t\t\t\t\t\t\t\t<span class=\"elementor-button-text\">T\u00e9l\u00e9charger le formulaire vierge ici<\/span>\n\t\t\t\t\t<\/span>\n\t\t\t\t\t<\/a>\n\t\t\t\t<\/div>\n\t\t\t\t\t\t\t\t<\/div>\n\t\t\t\t<\/div>\n\t\t\t\t<div class=\"elementor-element elementor-element-d7ebdb0 elementor-widget__width-initial elementor-widget elementor-widget-text-editor\" data-id=\"d7ebdb0\" data-element_type=\"widget\" data-e-type=\"widget\" data-widget_type=\"text-editor.default\">\n\t\t\t\t<div class=\"elementor-widget-container\">\n\t\t\t\t\t\t\t\t\t<p>Ce document a pour objectif de vous aider \u00e0 pr\u00e9parer vos r\u00e9ponses, <br \/>mais il ne se substitue pas au remplissage du formulaire en ligne.<\/p>\t\t\t\t\t\t\t\t<\/div>\n\t\t\t\t<\/div>\n\t\t\t\t<div class=\"elementor-element elementor-element-a712c44 elementor-widget elementor-widget-formidable\" data-id=\"a712c44\" data-element_type=\"widget\" data-e-type=\"widget\" data-widget_type=\"formidable.default\">\n\t\t\t\t<div class=\"elementor-widget-container\">\n\t\t\t\t\t<div class=\"frm_forms  with_frm_style frm_style_style-formidable\" id=\"frm_form_5_container\" data-token=\"47e8d8e905aab56d87b5afa1bebacd31\">\n<form enctype=\"multipart\/form-data\" method=\"post\" class=\"frm-show-form  frm_pro_form \" id=\"form_5r3pm2\" data-token=\"47e8d8e905aab56d87b5afa1bebacd31\">\n<div class=\"frm_form_fields  frm_page_num_1\">\n<fieldset>\n<legend class=\"frm_screen_reader\">Formulaire association<\/legend>\r\n\r\n<div class=\"frm_fields_container\">\n<div class=\"frm_rootline_group\" role=\"group\" tabindex=\"0\" aria-label=\"Page 1 of 6\" ><ul class=\"frm_page_bar frm_rootline_6 frm_rootline frm_rootline_line  frm_show_lines \"><li class=\"frm_rootline_single frm_current_page\"><input type=\"button\" value=\"1\" data-page=\"\" class=\" frm_page_1\" aria-disabled=\"true\" data-field=\"0\" aria-label=\"Page 1\"  \/><\/li><li class=\"frm_rootline_single\"><input type=\"button\" value=\"2\" data-page=\"16\" class=\"frm_page_skip frm_page_2\" data-field=\"91\" aria-label=\"Suivant\"  \/><\/li><li class=\"frm_rootline_single\"><input type=\"button\" value=\"3\" data-page=\"26\" class=\"frm_page_skip frm_page_3\" data-field=\"97\" aria-label=\"Suivant\"  \/><\/li><li class=\"frm_rootline_single\"><input type=\"button\" value=\"4\" data-page=\"60\" class=\"frm_page_skip frm_page_4\" data-field=\"115\" aria-label=\"Suivant\"  \/><\/li><li class=\"frm_rootline_single\"><input type=\"button\" value=\"5\" data-page=\"68\" class=\"frm_page_skip frm_page_5\" data-field=\"119\" aria-label=\"Suivant\"  \/><\/li>\t\t<li class=\"frm_rootline_single frm_rootline_show_hidden_steps_btn frm_hidden\">\n\t\t\t<input type=\"button\" class=\"frm_rootline_show_more_btn\" value=\"\u00b7\u00b7\u00b7\" \/>\n\t\t\t<ul class=\"frm_rootline_hidden_steps frm_hidden\"><\/ul>\n\t\t<\/li>\n\t\t<li class=\"frm_rootline_single\"><input type=\"button\" value=\"6\" data-page=\"88\" class=\"frm_page_skip frm_page_6\" data-field=\"127\" aria-label=\"Suivant\"  \/><\/li><\/ul><div class=\"frm_clearfix\"><\/div><\/div><input type=\"hidden\" name=\"frm_action\" value=\"create\" \/>\n<input type=\"hidden\" name=\"form_id\" value=\"5\" \/>\n<input type=\"hidden\" name=\"frm_hide_fields_5\" id=\"frm_hide_fields_5\" value=\"\" \/>\n<input type=\"hidden\" name=\"form_key\" value=\"5r3pm2\" \/>\n<input type=\"hidden\" name=\"item_meta[0]\" value=\"\" \/>\n<input type=\"hidden\" id=\"frm_submit_entry_5\" name=\"frm_submit_entry_5\" value=\"ea53214119\" \/><input type=\"hidden\" name=\"_wp_http_referer\" value=\"\/en\/wp-json\/wp\/v2\/pages\/7580\" \/><div id=\"frm_field_84_container\" class=\"frm_form_field form-field  frm_required_field frm_top_container\">\r\n\t<label for=\"field_3i3xu2\" id=\"field_3i3xu2_label\" class=\"frm_primary_label\">Adresse e-mail\r\n\t\t<span class=\"frm_required\" aria-hidden=\"true\">*<\/span>\r\n\t<\/label>\r\n\t<input type=\"email\" id=\"field_3i3xu2\" name=\"item_meta[84]\" value=\"\"  autocomplete=\"email\"  data-reqmsg=\"Adresse e-mail ne peut pas \u00eatre vide.\" aria-required=\"true\" data-invmsg=\"Adresse e-mail est non valide\" aria-invalid=\"false\"  \/>\r\n\t\r\n\t\r\n<\/div>\n<div id=\"frm_field_85_container\" class=\"frm_form_field form-field  frm_required_field frm_top_container\">\r\n\t<label for=\"field_7xphe2\" id=\"field_7xphe2_label\" class=\"frm_primary_label\">Nom de l'association candidate\r\n\t\t<span class=\"frm_required\" aria-hidden=\"true\">*<\/span>\r\n\t<\/label>\r\n\t<input  type=\"text\" id=\"field_7xphe2\" name=\"item_meta[85]\" value=\"\"  data-reqmsg=\"Nom de l&#039;association candidate ne peut pas \u00eatre vide.\" aria-required=\"true\" data-invmsg=\"Nom de l&#039;association candidate est non valide\" aria-invalid=\"false\"   \/>\r\n\t\r\n\t\r\n<\/div>\n<div id=\"frm_field_132_container\" class=\"frm_form_field form-field  frm_required_field frm_top_container\">\r\n\t<label for=\"field_uzsyi\" id=\"field_uzsyi_label\" class=\"frm_primary_label\">Identit\u00e9 d'un repr\u00e9sentant de l'association candidate : NOM et Pr\u00e9nom\r\n\t\t<span class=\"frm_required\" aria-hidden=\"true\">*<\/span>\r\n\t<\/label>\r\n\t<input  type=\"text\" id=\"field_uzsyi\" name=\"item_meta[132]\" value=\"\"  data-reqmsg=\"Identit\u00e9 d&#039;un repr\u00e9sentant de l&#039;association candidate : NOM et Pr\u00e9nom ne peut pas \u00eatre vide.\" aria-required=\"true\" data-invmsg=\"Identit\u00e9 d&#039;un repr\u00e9sentant de l&#039;association candidate : NOM et Pr\u00e9nom est non valide\" aria-invalid=\"false\"   \/>\r\n\t\r\n\t\r\n<\/div>\n<div id=\"frm_field_86_container\" class=\"frm_form_field form-field  frm_required_field frm_top_container\">\r\n\t<label for=\"field_3h7hx2\" id=\"field_3h7hx2_label\" class=\"frm_primary_label\">Contact d'un repr\u00e9sentant de l'association candidate : t\u00e9l\u00e9phone\r\n\t\t<span class=\"frm_required\" aria-hidden=\"true\">*<\/span>\r\n\t<\/label>\r\n\t<input type=\"tel\" id=\"field_3h7hx2\" name=\"item_meta[86]\" value=\"\"  data-reqmsg=\"Contact d&#039;un repr\u00e9sentant de l&#039;association candidate : t\u00e9l\u00e9phone ne peut pas \u00eatre vide.\" aria-required=\"true\" data-invmsg=\"Contact d&#039;un repr\u00e9sentant de l&#039;association candidate : t\u00e9l\u00e9phone est non valide\" aria-invalid=\"false\" pattern=\"((\\+\\d{1,3}(-|.| )?\\(?\\d\\)?(-| |.)?\\d{1,5})|(\\(?\\d{2,6}\\)?))(-|.| )?(\\d{3,4})(-|.| )?(\\d{4})(( x| ext)\\d{1,5}){0,1}$\"  \/>\r\n\t\r\n\t\r\n<\/div>\n<div id=\"frm_field_87_container\" class=\"frm_form_field form-field  frm_required_field frm_top_container\">\r\n\t<label for=\"field_fyb7t2\" id=\"field_fyb7t2_label\" class=\"frm_primary_label\">Contact d'un repr\u00e9sentant de l'association candidate : email (si diff\u00e9rent de l'email indiqu\u00e9 ci-dessus)\r\n\t\t<span class=\"frm_required\" aria-hidden=\"true\">*<\/span>\r\n\t<\/label>\r\n\t<input  type=\"text\" id=\"field_fyb7t2\" name=\"item_meta[87]\" value=\"\"  data-reqmsg=\"Contact d&#039;un repr\u00e9sentant de l&#039;association candidate : email (si diff\u00e9rent de l&#039;email indiqu\u00e9 ci-dessus) ne peut pas \u00eatre vide.\" aria-required=\"true\" data-invmsg=\"Contact d&#039;un repr\u00e9sentant de l&#039;association candidate : email (si diff\u00e9rent de l&#039;email indiqu\u00e9 ci-dessus) est non valide\" aria-invalid=\"false\"   \/>\r\n\t\r\n\t\r\n<\/div>\n<div id=\"frm_field_133_container\" class=\"frm_form_field form-field  frm_required_field frm_top_container vertical_radio\">\r\n\t<div  id=\"field_52a0_label\" class=\"frm_primary_label\">Avez-vous un parrain ou une marraine dans le groupe Hygie 31 ?\r\n\t\t<span class=\"frm_required\" aria-hidden=\"true\">*<\/span>\r\n\t<\/div>\r\n\t<div class=\"frm_opt_container\" aria-labelledby=\"field_52a0_label\" role=\"radiogroup\" aria-required=\"true\">\t\t<div class=\"frm_radio\" id=\"frm_radio_133-0\">\t\t\t<label  for=\"field_52a0-0\">\n\t\t\t\t\t<input type=\"radio\" name=\"item_meta[133]\" id=\"field_52a0-0\" value=\"Oui\"\n\t\t data-reqmsg=\"Avez-vous un parrain ou une marraine dans le groupe Hygie 31 ? ne peut pas \u00eatre vide.\" data-invmsg=\"Avez-vous un parrain ou une marraine dans le groupe Hygie 31 ? est non valide\"   \/> Oui<\/label><\/div>\n\t\t<div class=\"frm_radio\" id=\"frm_radio_133-1\">\t\t\t<label  for=\"field_52a0-1\">\n\t\t\t\t\t<input type=\"radio\" name=\"item_meta[133]\" id=\"field_52a0-1\" value=\"Non\"\n\t\t data-reqmsg=\"Avez-vous un parrain ou une marraine dans le groupe Hygie 31 ? ne peut pas \u00eatre vide.\" data-invmsg=\"Avez-vous un parrain ou une marraine dans le groupe Hygie 31 ? est non valide\"   \/> Non<\/label><\/div>\n<\/div>\r\n\t\r\n\t\r\n<\/div>\n<div id=\"frm_field_134_container\" class=\"frm_form_field form-field  frm_top_container\">\r\n\t<label for=\"field_585yz\" id=\"field_585yz_label\" class=\"frm_primary_label\">Qui est le collaborateur du groupe Hygie 31 qui parraine \/ marraine votre projet ?\r\n\t\t<span class=\"frm_required\" aria-hidden=\"true\"><\/span>\r\n\t<\/label>\r\n\t<input  type=\"text\" id=\"field_585yz\" name=\"item_meta[134]\" value=\"\"  data-invmsg=\"Qui est le collaborateur du groupe Hygie 31 qui parraine \/ marraine votre projet ? est non valide\" aria-invalid=\"false\"   \/>\r\n\t\r\n\t\r\n<\/div>\n<input type=\"hidden\" name=\"frm_page_order_5\" id=\"frm_page_order_5\" value=\"16\" \/>\t\t<input  type=\"hidden\" name=\"item_meta[93]\" id=\"field_ebvgx2-0\" value=\"\"  data-frmlimit=\"1\"  data-frmmin=\"1\"     \/>\n\t\t\t\t<input  type=\"hidden\" name=\"item_meta[223]\" id=\"field_qmhz5\" value=\"\"     \/>\n\t\t\t\t<input  type=\"hidden\" name=\"item_meta[224]\" id=\"field_e06hr\" value=\"\"     \/>\n\t\t\t\t<input  type=\"hidden\" name=\"item_meta[97]\" id=\"field_1kuqm2\" value=\"\"     \/>\n\t\t\t\t<input  type=\"hidden\" name=\"item_meta[99]\" id=\"field_k2f432\" value=\"\"     \/>\n\t\t\t\t<input  type=\"hidden\" name=\"item_meta[100]\" id=\"field_zrddk2\" value=\"\"     \/>\n\t\t\t\t<input  type=\"hidden\" name=\"item_meta[101]\" id=\"field_lx1ej2\" value=\"\"     \/>\n\t\t\t\t<input  type=\"hidden\" name=\"item_meta[103]\" id=\"field_ytww82\" value=\"\"     \/>\n\t\t\t\t<input  type=\"hidden\" name=\"item_meta[104]\" id=\"field_4xx6n2-0\" value=\"\"     \/>\n\t\t\t\t<input  type=\"hidden\" name=\"item_meta[225]\" id=\"field_mj7l5\" value=\"\"     \/>\n\t\t\t\t<input  type=\"hidden\" name=\"item_meta[106]\" id=\"field_g9jcm2\" value=\"\"     \/>\n\t\t\t\t<input  type=\"hidden\" name=\"item_meta[107]\" id=\"field_iyu3n2\" value=\"\"     \/>\n\t\t\t\t<input  type=\"hidden\" name=\"item_meta[108]\" id=\"field_vrkfq2-0\" value=\"\"     \/>\n\t\t\t\t<input  type=\"hidden\" name=\"item_meta[109]\" id=\"field_t5ak82\" value=\"\"     \/>\n\t\t\t\t<input  type=\"hidden\" name=\"item_meta[110]\" id=\"field_ccerh2-0\" value=\"\"     \/>\n\t\t\t\t<input  type=\"hidden\" name=\"item_meta[111]\" id=\"field_rt18f2\" value=\"\"     \/>\n\t\t\t\t<input  type=\"hidden\" name=\"item_meta[112]\" id=\"field_fdfjb2-0\" value=\"\"     \/>\n\t\t\t\t<input  type=\"hidden\" name=\"item_meta[226]\" id=\"field_9yapd\" value=\"\"     \/>\n\t\t\t\t<input  type=\"hidden\" name=\"item_meta[114]\" id=\"field_d8ufz2\" value=\"\"     \/>\n\t\t\t\t<input  type=\"hidden\" name=\"item_meta[115]\" id=\"field_a8voa2\" value=\"\"     \/>\n\t\t\t\t<input  type=\"hidden\" name=\"item_meta[117]\" id=\"field_29ml\" value=\"\"     \/>\n\t\t\t\t<input  type=\"hidden\" name=\"item_meta[227]\" id=\"field_ddt14\" value=\"\"     \/>\n\t\t\t\t<input  type=\"hidden\" name=\"item_meta[119]\" id=\"field_x2f102\" value=\"\"     \/>\n\t\t\t\t<input  type=\"hidden\" name=\"item_meta[121]\" id=\"field_3426d2\" value=\"\"     \/>\n\t\t\t\t<input  type=\"hidden\" name=\"item_meta[122]\" id=\"field_zamfy2\" value=\"\"     \/>\n\t\t\t\t<input  type=\"hidden\" name=\"item_meta[123]\" id=\"field_ghfeu2\" value=\"\"     \/>\n\t\t\t\t<input  type=\"hidden\" name=\"item_meta[213]\" id=\"field_otsxt\" value=\"\"     \/>\n\t\t\t\t<input  type=\"hidden\" name=\"item_meta[214]\" id=\"field_z8p43\" value=\"\"     \/>\n\t\t\t\t<input  type=\"hidden\" name=\"item_meta[124]\" id=\"field_9m5r12\" value=\"\"     \/>\n\t\t\t\t<input  type=\"hidden\" name=\"item_meta[125]\" id=\"field_wyn1j2\" value=\"\"     \/>\n\t\t\t\t<input  type=\"hidden\" name=\"item_meta[126]\" id=\"field_ynb5l2\" value=\"\"     \/>\n\t\t\t\t<input  type=\"hidden\" name=\"item_meta[127]\" id=\"field_ni1ro2\" value=\"\"     \/>\n\t\t\t\t<input  type=\"hidden\" name=\"item_meta[128]\" id=\"field_q4c12\" value=\"\"     \/>\n\t\t\t\t<input  type=\"hidden\" name=\"item_meta[418]\" id=\"field_9yqfa\" value=\"\"     \/>\n\t\t\t\t<input  type=\"hidden\" name=\"item_meta[129]\" id=\"field_envoyer3\" value=\"\"     \/>\n\t\t\t<input type=\"hidden\" name=\"item_key\" value=\"\" \/>\n\t\t\t<div id=\"frm_field_420_container\">\n\t\t\t<label for=\"field_xk2u2\" >\n\t\t\t\tIf you are human, leave this field blank.\t\t\t<\/label>\n\t\t\t<input  id=\"field_xk2u2\" type=\"text\" class=\"frm_form_field form-field frm_verify\" name=\"item_meta[420]\" value=\"\"  \/>\n\t\t<\/div>\n\t\t<input name=\"frm_state\" type=\"hidden\" value=\"9bQ3oWDh0WJ8o7ZVD46+lzQ1am+C6YFu97e\/aOEXgCUSYI7paHa1jPqQ4k27idUQ\" \/><div class=\"frm_submit frm_flex\">\r\n<button class=\"frm_button_submit\" type=\"submit\"   formnovalidate=\"formnovalidate\">Suivant<\/button>\r\n\r\n\r\n\r\n<\/div><\/div>\n<\/fieldset>\n<\/div>\n\n<\/form>\n<\/div>\n\t\t\t\t<\/div>\n\t\t\t\t<\/div>\n\t\t\t\t\t<\/div>\n\t\t\t\t<\/div>\n\t\t\t\t<\/div>\n\t\t","protected":false},"excerpt":{"rendered":"<p>Prix de l&rsquo;engagement Association Fondation la sant\u00e9 pour tous Hygie31 Si vous \u00eates un association et que vous souhaitez candidater pour le Prix de l&rsquo;Engagement propos\u00e9 par la Fondation La sant\u00e9 pour tous Hygie 31, remplissez le formulaire ci-dessous et envoyez nous les documents demand\u00e9s en fin de questionnaire. Si vous avez la moindre question, [&hellip;]<\/p>\n","protected":false},"author":1,"featured_media":0,"parent":0,"menu_order":0,"comment_status":"closed","ping_status":"closed","template":"","meta":{"_acf_changed":false,"inline_featured_image":false,"footnotes":""},"class_list":["post-7580","page","type-page","status-publish","hentry"],"acf":[],"yoast_head":"<!-- This site is optimized with the Yoast SEO plugin v27.2 - https:\/\/yoast.com\/product\/yoast-seo-wordpress\/ -->\n<title>Formulaire association - Hygie31<\/title>\n<meta name=\"robots\" content=\"index, follow, max-snippet:-1, max-image-preview:large, max-video-preview:-1\" \/>\n<link rel=\"canonical\" href=\"https:\/\/hygie31.com\/en\/formulaire-association\/\" \/>\n<meta property=\"og:locale\" content=\"en_US\" \/>\n<meta property=\"og:type\" content=\"article\" \/>\n<meta property=\"og:title\" content=\"Formulaire association - Hygie31\" \/>\n<meta property=\"og:description\" content=\"Prix de l&rsquo;engagement Association Fondation la sant\u00e9 pour tous Hygie31 Si vous \u00eates un association et que vous souhaitez candidater pour le Prix de l&rsquo;Engagement propos\u00e9 par la Fondation La sant\u00e9 pour tous Hygie 31, remplissez le formulaire ci-dessous et envoyez nous les documents demand\u00e9s en fin de questionnaire. Si vous avez la moindre question, [&hellip;]\" \/>\n<meta property=\"og:url\" content=\"https:\/\/hygie31.com\/en\/formulaire-association\/\" \/>\n<meta property=\"og:site_name\" content=\"Hygie31\" \/>\n<meta property=\"article:modified_time\" content=\"2026-02-17T09:33:42+00:00\" \/>\n<meta name=\"twitter:card\" content=\"summary_large_image\" \/>\n<meta name=\"twitter:label1\" content=\"Est. reading time\" \/>\n\t<meta name=\"twitter:data1\" content=\"1 minute\" \/>\n<script type=\"application\/ld+json\" class=\"yoast-schema-graph\">{\"@context\":\"https:\/\/schema.org\",\"@graph\":[{\"@type\":\"WebPage\",\"@id\":\"https:\/\/hygie31.com\/formulaire-association\/\",\"url\":\"https:\/\/hygie31.com\/formulaire-association\/\",\"name\":\"Formulaire association - Hygie31\",\"isPartOf\":{\"@id\":\"https:\/\/hygie31.com\/#website\"},\"datePublished\":\"2026-02-09T15:29:35+00:00\",\"dateModified\":\"2026-02-17T09:33:42+00:00\",\"breadcrumb\":{\"@id\":\"https:\/\/hygie31.com\/formulaire-association\/#breadcrumb\"},\"inLanguage\":\"en-US\",\"potentialAction\":[{\"@type\":\"ReadAction\",\"target\":[\"https:\/\/hygie31.com\/formulaire-association\/\"]}]},{\"@type\":\"BreadcrumbList\",\"@id\":\"https:\/\/hygie31.com\/formulaire-association\/#breadcrumb\",\"itemListElement\":[{\"@type\":\"ListItem\",\"position\":1,\"name\":\"Accueil\",\"item\":\"https:\/\/hygie31.com\/\"},{\"@type\":\"ListItem\",\"position\":2,\"name\":\"Formulaire association\"}]},{\"@type\":\"WebSite\",\"@id\":\"https:\/\/hygie31.com\/#website\",\"url\":\"https:\/\/hygie31.com\/\",\"name\":\"Hygie31\",\"description\":\"\",\"publisher\":{\"@id\":\"https:\/\/hygie31.com\/#organization\"},\"potentialAction\":[{\"@type\":\"SearchAction\",\"target\":{\"@type\":\"EntryPoint\",\"urlTemplate\":\"https:\/\/hygie31.com\/?s={search_term_string}\"},\"query-input\":{\"@type\":\"PropertyValueSpecification\",\"valueRequired\":true,\"valueName\":\"search_term_string\"}}],\"inLanguage\":\"en-US\"},{\"@type\":\"Organization\",\"@id\":\"https:\/\/hygie31.com\/#organization\",\"name\":\"Hygie31\",\"url\":\"https:\/\/hygie31.com\/\",\"logo\":{\"@type\":\"ImageObject\",\"inLanguage\":\"en-US\",\"@id\":\"https:\/\/hygie31.com\/#\/schema\/logo\/image\/\",\"url\":\"https:\/\/hygie31.com\/wp-content\/uploads\/2023\/11\/cropped-logo.png\",\"contentUrl\":\"https:\/\/hygie31.com\/wp-content\/uploads\/2023\/11\/cropped-logo.png\",\"width\":149,\"height\":78,\"caption\":\"Hygie31\"},\"image\":{\"@id\":\"https:\/\/hygie31.com\/#\/schema\/logo\/image\/\"}}]}<\/script>\n<!-- \/ Yoast SEO plugin. -->","yoast_head_json":{"title":"Formulaire association - Hygie31","robots":{"index":"index","follow":"follow","max-snippet":"max-snippet:-1","max-image-preview":"max-image-preview:large","max-video-preview":"max-video-preview:-1"},"canonical":"https:\/\/hygie31.com\/en\/formulaire-association\/","og_locale":"en_US","og_type":"article","og_title":"Formulaire association - Hygie31","og_description":"Prix de l&rsquo;engagement Association Fondation la sant\u00e9 pour tous Hygie31 Si vous \u00eates un association et que vous souhaitez candidater pour le Prix de l&rsquo;Engagement propos\u00e9 par la Fondation La sant\u00e9 pour tous Hygie 31, remplissez le formulaire ci-dessous et envoyez nous les documents demand\u00e9s en fin de questionnaire. Si vous avez la moindre question, [&hellip;]","og_url":"https:\/\/hygie31.com\/en\/formulaire-association\/","og_site_name":"Hygie31","article_modified_time":"2026-02-17T09:33:42+00:00","twitter_card":"summary_large_image","twitter_misc":{"Est. reading time":"1 minute"},"schema":{"@context":"https:\/\/schema.org","@graph":[{"@type":"WebPage","@id":"https:\/\/hygie31.com\/formulaire-association\/","url":"https:\/\/hygie31.com\/formulaire-association\/","name":"Formulaire association - Hygie31","isPartOf":{"@id":"https:\/\/hygie31.com\/#website"},"datePublished":"2026-02-09T15:29:35+00:00","dateModified":"2026-02-17T09:33:42+00:00","breadcrumb":{"@id":"https:\/\/hygie31.com\/formulaire-association\/#breadcrumb"},"inLanguage":"en-US","potentialAction":[{"@type":"ReadAction","target":["https:\/\/hygie31.com\/formulaire-association\/"]}]},{"@type":"BreadcrumbList","@id":"https:\/\/hygie31.com\/formulaire-association\/#breadcrumb","itemListElement":[{"@type":"ListItem","position":1,"name":"Accueil","item":"https:\/\/hygie31.com\/"},{"@type":"ListItem","position":2,"name":"Formulaire association"}]},{"@type":"WebSite","@id":"https:\/\/hygie31.com\/#website","url":"https:\/\/hygie31.com\/","name":"Hygie31","description":"","publisher":{"@id":"https:\/\/hygie31.com\/#organization"},"potentialAction":[{"@type":"SearchAction","target":{"@type":"EntryPoint","urlTemplate":"https:\/\/hygie31.com\/?s={search_term_string}"},"query-input":{"@type":"PropertyValueSpecification","valueRequired":true,"valueName":"search_term_string"}}],"inLanguage":"en-US"},{"@type":"Organization","@id":"https:\/\/hygie31.com\/#organization","name":"Hygie31","url":"https:\/\/hygie31.com\/","logo":{"@type":"ImageObject","inLanguage":"en-US","@id":"https:\/\/hygie31.com\/#\/schema\/logo\/image\/","url":"https:\/\/hygie31.com\/wp-content\/uploads\/2023\/11\/cropped-logo.png","contentUrl":"https:\/\/hygie31.com\/wp-content\/uploads\/2023\/11\/cropped-logo.png","width":149,"height":78,"caption":"Hygie31"},"image":{"@id":"https:\/\/hygie31.com\/#\/schema\/logo\/image\/"}}]}},"_links":{"self":[{"href":"https:\/\/hygie31.com\/en\/wp-json\/wp\/v2\/pages\/7580","targetHints":{"allow":["GET"]}}],"collection":[{"href":"https:\/\/hygie31.com\/en\/wp-json\/wp\/v2\/pages"}],"about":[{"href":"https:\/\/hygie31.com\/en\/wp-json\/wp\/v2\/types\/page"}],"author":[{"embeddable":true,"href":"https:\/\/hygie31.com\/en\/wp-json\/wp\/v2\/users\/1"}],"replies":[{"embeddable":true,"href":"https:\/\/hygie31.com\/en\/wp-json\/wp\/v2\/comments?post=7580"}],"version-history":[{"count":31,"href":"https:\/\/hygie31.com\/en\/wp-json\/wp\/v2\/pages\/7580\/revisions"}],"predecessor-version":[{"id":8185,"href":"https:\/\/hygie31.com\/en\/wp-json\/wp\/v2\/pages\/7580\/revisions\/8185"}],"wp:attachment":[{"href":"https:\/\/hygie31.com\/en\/wp-json\/wp\/v2\/media?parent=7580"}],"curies":[{"name":"wp","href":"https:\/\/api.w.org\/{rel}","templated":true}]}}