{"id":7570,"date":"2026-02-09T14:13:26","date_gmt":"2026-02-09T14:13:26","guid":{"rendered":"https:\/\/hygie31.com\/?page_id=7570"},"modified":"2026-02-17T10:11:54","modified_gmt":"2026-02-17T10:11:54","slug":"formulaire","status":"publish","type":"page","link":"https:\/\/hygie31.com\/en\/formulaire\/","title":{"rendered":"Formulaire"},"content":{"rendered":"\t\t<div data-elementor-type=\"wp-page\" data-elementor-id=\"7570\" class=\"elementor elementor-7570\" data-elementor-post-type=\"page\">\n\t\t\t\t\t\t<section class=\"elementor-section elementor-top-section elementor-element elementor-element-197ce77 elementor-section-full_width elementor-section-height-min-height elementor-section-content-top elementor-section-height-default elementor-section-items-middle\" data-id=\"197ce77\" data-element_type=\"section\" data-e-type=\"section\" data-settings=\"{&quot;background_background&quot;:&quot;classic&quot;,&quot;shape_divider_bottom&quot;:&quot;waves&quot;}\">\n\t\t\t\t\t\t\t<div class=\"elementor-background-overlay\"><\/div>\n\t\t\t\t\t\t<div class=\"elementor-shape elementor-shape-bottom\" aria-hidden=\"true\" data-negative=\"false\">\n\t\t\t<svg xmlns=\"http:\/\/www.w3.org\/2000\/svg\" viewBox=\"0 0 1000 100\" preserveAspectRatio=\"none\">\n\t<path class=\"elementor-shape-fill\" d=\"M421.9,6.5c22.6-2.5,51.5,0.4,75.5,5.3c23.6,4.9,70.9,23.5,100.5,35.7c75.8,32.2,133.7,44.5,192.6,49.7\n\tc23.6,2.1,48.7,3.5,103.4-2.5c54.7-6,106.2-25.6,106.2-25.6V0H0v30.3c0,0,72,32.6,158.4,30.5c39.2-0.7,92.8-6.7,134-22.4\n\tc21.2-8.1,52.2-18.2,79.7-24.2C399.3,7.9,411.6,7.5,421.9,6.5z\"\/>\n<\/svg>\t\t<\/div>\n\t\t\t\t\t<div class=\"elementor-container elementor-column-gap-default\">\n\t\t\t\t\t<div class=\"elementor-column elementor-col-100 elementor-top-column elementor-element elementor-element-e1a94b1\" data-id=\"e1a94b1\" data-element_type=\"column\" data-e-type=\"column\" data-settings=\"{&quot;background_background&quot;:&quot;classic&quot;}\">\n\t\t\t<div class=\"elementor-widget-wrap elementor-element-populated\">\n\t\t\t\t\t\t<div class=\"elementor-element elementor-element-adc7f6d elementor-widget elementor-widget-heading\" data-id=\"adc7f6d\" data-element_type=\"widget\" data-e-type=\"widget\" data-widget_type=\"heading.default\">\n\t\t\t\t<div class=\"elementor-widget-container\">\n\t\t\t\t\t<h1 class=\"elementor-heading-title elementor-size-default\">Candidatez aux projets<\/h1>\t\t\t\t<\/div>\n\t\t\t\t<\/div>\n\t\t\t\t<div class=\"elementor-element elementor-element-e66d9d4 animated-slow elementor-widget-divider--view-line elementor-invisible elementor-widget elementor-widget-divider\" data-id=\"e66d9d4\" data-element_type=\"widget\" data-e-type=\"widget\" data-settings=\"{&quot;_animation&quot;:&quot;fadeInLeft&quot;}\" data-widget_type=\"divider.default\">\n\t\t\t\t<div class=\"elementor-widget-container\">\n\t\t\t\t\t\t\t<div class=\"elementor-divider\">\n\t\t\t<span class=\"elementor-divider-separator\">\n\t\t\t\t\t\t<\/span>\n\t\t<\/div>\n\t\t\t\t\t\t<\/div>\n\t\t\t\t<\/div>\n\t\t\t\t\t<\/div>\n\t\t<\/div>\n\t\t\t\t\t<\/div>\n\t\t<\/section>\n\t\t<div class=\"elementor-element elementor-element-73c4f87 e-flex e-con-boxed e-con e-parent\" data-id=\"73c4f87\" data-element_type=\"container\" data-e-type=\"container\">\n\t\t\t\t\t<div class=\"e-con-inner\">\n\t\t<div class=\"elementor-element elementor-element-c25ec1c e-con-full e-flex e-con e-child\" data-id=\"c25ec1c\" data-element_type=\"container\" data-e-type=\"container\">\n\t\t\t\t<div class=\"elementor-element elementor-element-2ee7a53 elementor-widget elementor-widget-formidable\" data-id=\"2ee7a53\" data-element_type=\"widget\" data-e-type=\"widget\" data-widget_type=\"formidable.default\">\n\t\t\t\t<div class=\"elementor-widget-container\">\n\t\t\t\t\t<div class=\"frm_forms  with_frm_style frm_style_style-formidable\" id=\"frm_form_7_container\" data-token=\"0f7d517e665976fb24324fa604a14110\">\n<form enctype=\"multipart\/form-data\" method=\"post\" class=\"frm-show-form  frm_pro_form \" id=\"form_projet-trophee\" data-token=\"0f7d517e665976fb24324fa604a14110\">\n<div class=\"frm_form_fields \">\n<fieldset>\n<legend class=\"frm_screen_reader\">Projet troph\u00e9e<\/legend>\n\n<div class=\"frm_fields_container\">\n<input type=\"hidden\" name=\"frm_action\" value=\"create\" \/>\n<input type=\"hidden\" name=\"form_id\" value=\"7\" \/>\n<input type=\"hidden\" name=\"frm_hide_fields_7\" id=\"frm_hide_fields_7\" value=\"\" \/>\n<input type=\"hidden\" name=\"form_key\" value=\"projet-trophee\" \/>\n<input type=\"hidden\" name=\"item_meta[0]\" value=\"\" \/>\n<input type=\"hidden\" id=\"frm_submit_entry_7\" name=\"frm_submit_entry_7\" value=\"0e85aca018\" \/><input type=\"hidden\" name=\"_wp_http_referer\" value=\"\/en\/wp-json\/wp\/v2\/pages\/7570\" \/><div id=\"frm_field_229_container\" class=\"frm_form_field form-field  frm_required_field frm_top_container vertical_radio\">\n\t<div  id=\"field_xsdmd_label\" class=\"frm_primary_label\">Vous souhaitez candidater pour\n\t\t<span class=\"frm_required\" aria-hidden=\"true\">*<\/span>\n\t<\/div>\n\t<div class=\"frm_opt_container\" aria-labelledby=\"field_xsdmd_label\" role=\"radiogroup\" aria-required=\"true\">\t\t<div class=\"frm_radio\" id=\"frm_radio_229-0\">\t\t\t<label  for=\"field_xsdmd-0\">\n\t\t\t\t\t<input type=\"radio\" name=\"item_meta[229]\" id=\"field_xsdmd-0\" value=\"Prix de l&#039;engagement\"\n\t\t data-reqmsg=\"Vous souhaitez candidater pour ne peut pas \u00eatre vide.\" data-invmsg=\"Vous souhaitez candidater pour est non valide\"   \/> Prix de l'engagement<\/label><\/div>\n\t\t<div class=\"frm_radio\" id=\"frm_radio_229-1\">\t\t\t<label  for=\"field_xsdmd-1\">\n\t\t\t\t\t<input type=\"radio\" name=\"item_meta[229]\" id=\"field_xsdmd-1\" value=\"Troph\u00e9es de l&#039;innovation\"\n\t\t data-reqmsg=\"Vous souhaitez candidater pour ne peut pas \u00eatre vide.\" data-invmsg=\"Vous souhaitez candidater pour est non valide\"   \/> Troph\u00e9es de l'innovation<\/label><\/div>\n<\/div>\n\t\n\t\n<\/div>\n<div id=\"frm_field_203_container\" class=\"frm_form_field form-field  frm_required_field frm_top_container vertical_radio frm_display_format_buttons frm_text_align_left\">\n\t<div  id=\"field_b0lnd_label\" class=\"frm_primary_label\">Vous \u00eates\n\t\t<span class=\"frm_required\" aria-hidden=\"true\">*<\/span>\n\t<\/div>\n\t<div class=\"frm_opt_container\" aria-labelledby=\"field_b0lnd_label\" role=\"group\">\t\t<div class=\"frm_checkbox\" id=\"frm_checkbox_203-0\">\t\t\t<label  for=\"field_b0lnd-0\">\n\t\t\t<input type=\"checkbox\" name=\"item_meta[203][]\" id=\"field_b0lnd-0\" value=\"Un adh\u00e9rent du groupe Hygie31\"  data-frmlimit=\"1\"  data-frmmin=\"1\"  data-reqmsg=\"Vous \u00eates ne peut pas \u00eatre vide.\" data-invmsg=\"Vous \u00eates est non valide\"   aria-required=\"true\"  \/> <div class=\"frm_label_button_container\">Un adh\u00e9rent du groupe Hygie31<\/div><\/label><\/div>\n\t\t<div class=\"frm_checkbox\" id=\"frm_checkbox_203-1\">\t\t\t<label  for=\"field_b0lnd-1\">\n\t\t\t<input type=\"checkbox\" name=\"item_meta[203][]\" id=\"field_b0lnd-1\" value=\"Une association parrain\u00e9e\"  data-frmlimit=\"1\"  data-frmmin=\"1\"  data-reqmsg=\"Vous \u00eates ne peut pas \u00eatre vide.\" data-invmsg=\"Vous \u00eates est non valide\"   \/> <div class=\"frm_label_button_container\">Une association parrain\u00e9e<\/div><\/label><\/div>\n<\/div>\n\t\n\t\n<\/div>\n<div id=\"frm_field_206_container\" class=\"frm_form_field  frm_html_container form-field\"><a style=\"display: inline-block; padding: 12px 24px; background: #0d342c; color: #ffffff; text-decoration: none; border-radius: 6px; font-weight: 600; transition: 0.3s;\" href=\"https:\/\/hygie31.com\/formulaire-adherent\/\">Acc\u00e9der au formulaire pour les adh\u00e9rents<\/a><\/div>\n<div id=\"frm_field_209_container\" class=\"frm_form_field  frm_html_container form-field\"><a style=\"display: inline-block; padding: 12px 24px; background: #0d342c; color: #ffffff; text-decoration: none; border-radius: 6px; font-weight: 600; transition: 0.3s;\" href=\"https:\/\/hygie31.com\/formulaire-association\/\">Acc\u00e9der au formulaire pour les associations<br \/>\n<\/a><\/div>\n<div id=\"frm_field_210_container\" class=\"frm_form_field  frm_html_container form-field\">\n<p style=\"text-align: center;\"><a style=\"display: inline-block; padding: 12px 24px; background: #0d342c; color: #ffffff; text-decoration: none; border-radius: 6px; font-weight: 600; transition: 0.3s;\" href=\"https:\/\/hygie31.com\/formulaire-trophe-innovation\/\">Acc\u00e9der au formulaire pour les troph\u00e9es de l'innovation<br \/><\/a><\/p>\n<\/div>\n<div id=\"frm_field_195_container\" class=\"frm_form_field form-field \">\n\t<div class=\"frm_submit frm_flex\">\n<button class=\"frm_button_submit frm_final_submit\" type=\"submit\"  >Envoyer<\/button>\n\n\n\n<\/div>\n<\/div>\n\t<input type=\"hidden\" name=\"item_key\" value=\"\" \/>\n\t\t\t<div id=\"frm_field_420_container\">\n\t\t\t<label for=\"field_lfofx\" >\n\t\t\t\tIf you are human, leave this field blank.\t\t\t<\/label>\n\t\t\t<input  id=\"field_lfofx\" type=\"text\" class=\"frm_form_field form-field frm_verify\" name=\"item_meta[420]\" value=\"\"  \/>\n\t\t<\/div>\n\t\t<input name=\"frm_state\" type=\"hidden\" value=\"9bQ3oWDh0WJ8o7ZVD46+l1TZoFKrS6sayifFLDRcqQQSYI7paHa1jPqQ4k27idUQ\" \/><\/div>\n<\/fieldset>\n<\/div>\n\n<\/form>\n<\/div>\n\t\t\t\t<\/div>\n\t\t\t\t<\/div>\n\t\t\t\t<\/div>\n\t\t\t\t\t<\/div>\n\t\t\t\t<\/div>\n\t\t\t\t<\/div>\n\t\t","protected":false},"excerpt":{"rendered":"<p>Candidatez aux projets Projet troph\u00e9e Vous souhaitez candidater pour * Prix de l&rsquo;engagement Troph\u00e9es de l&rsquo;innovation Vous \u00eates * Un adh\u00e9rent du groupe Hygie31 Une association parrain\u00e9e Acc\u00e9der au formulaire pour les adh\u00e9rents Acc\u00e9der au formulaire pour les associations Acc\u00e9der au formulaire pour les troph\u00e9es de l&rsquo;innovation Envoyer Si vous \u00eates un humain, ne remplissez [&hellip;]<\/p>\n","protected":false},"author":1,"featured_media":0,"parent":0,"menu_order":0,"comment_status":"closed","ping_status":"closed","template":"","meta":{"_acf_changed":false,"inline_featured_image":false,"footnotes":""},"class_list":["post-7570","page","type-page","status-publish","hentry"],"acf":[],"yoast_head":"<!-- This site is optimized with the Yoast SEO plugin v27.2 - https:\/\/yoast.com\/product\/yoast-seo-wordpress\/ -->\n<title>Formulaire - Hygie31<\/title>\n<meta name=\"robots\" content=\"index, follow, max-snippet:-1, max-image-preview:large, max-video-preview:-1\" \/>\n<link rel=\"canonical\" href=\"https:\/\/hygie31.com\/en\/formulaire\/\" \/>\n<meta property=\"og:locale\" content=\"en_US\" \/>\n<meta property=\"og:type\" content=\"article\" \/>\n<meta property=\"og:title\" content=\"Formulaire - Hygie31\" \/>\n<meta property=\"og:description\" content=\"Candidatez aux projets Projet troph\u00e9e Vous souhaitez candidater pour * Prix de l&rsquo;engagement Troph\u00e9es de l&rsquo;innovation Vous \u00eates * Un adh\u00e9rent du groupe Hygie31 Une association parrain\u00e9e Acc\u00e9der au formulaire pour les adh\u00e9rents Acc\u00e9der au formulaire pour les associations Acc\u00e9der au formulaire pour les troph\u00e9es de l&rsquo;innovation Envoyer Si vous \u00eates un humain, ne remplissez [&hellip;]\" \/>\n<meta property=\"og:url\" content=\"https:\/\/hygie31.com\/en\/formulaire\/\" \/>\n<meta property=\"og:site_name\" content=\"Hygie31\" \/>\n<meta property=\"article:modified_time\" content=\"2026-02-17T10:11:54+00:00\" \/>\n<meta name=\"twitter:card\" content=\"summary_large_image\" \/>\n<meta name=\"twitter:label1\" content=\"Est. reading time\" \/>\n\t<meta name=\"twitter:data1\" content=\"1 minute\" \/>\n<script type=\"application\/ld+json\" class=\"yoast-schema-graph\">{\"@context\":\"https:\/\/schema.org\",\"@graph\":[{\"@type\":\"WebPage\",\"@id\":\"https:\/\/hygie31.com\/formulaire\/\",\"url\":\"https:\/\/hygie31.com\/formulaire\/\",\"name\":\"Formulaire - Hygie31\",\"isPartOf\":{\"@id\":\"https:\/\/hygie31.com\/#website\"},\"datePublished\":\"2026-02-09T14:13:26+00:00\",\"dateModified\":\"2026-02-17T10:11:54+00:00\",\"breadcrumb\":{\"@id\":\"https:\/\/hygie31.com\/formulaire\/#breadcrumb\"},\"inLanguage\":\"en-US\",\"potentialAction\":[{\"@type\":\"ReadAction\",\"target\":[\"https:\/\/hygie31.com\/formulaire\/\"]}]},{\"@type\":\"BreadcrumbList\",\"@id\":\"https:\/\/hygie31.com\/formulaire\/#breadcrumb\",\"itemListElement\":[{\"@type\":\"ListItem\",\"position\":1,\"name\":\"Accueil\",\"item\":\"https:\/\/hygie31.com\/\"},{\"@type\":\"ListItem\",\"position\":2,\"name\":\"Formulaire\"}]},{\"@type\":\"WebSite\",\"@id\":\"https:\/\/hygie31.com\/#website\",\"url\":\"https:\/\/hygie31.com\/\",\"name\":\"Hygie31\",\"description\":\"\",\"publisher\":{\"@id\":\"https:\/\/hygie31.com\/#organization\"},\"potentialAction\":[{\"@type\":\"SearchAction\",\"target\":{\"@type\":\"EntryPoint\",\"urlTemplate\":\"https:\/\/hygie31.com\/?s={search_term_string}\"},\"query-input\":{\"@type\":\"PropertyValueSpecification\",\"valueRequired\":true,\"valueName\":\"search_term_string\"}}],\"inLanguage\":\"en-US\"},{\"@type\":\"Organization\",\"@id\":\"https:\/\/hygie31.com\/#organization\",\"name\":\"Hygie31\",\"url\":\"https:\/\/hygie31.com\/\",\"logo\":{\"@type\":\"ImageObject\",\"inLanguage\":\"en-US\",\"@id\":\"https:\/\/hygie31.com\/#\/schema\/logo\/image\/\",\"url\":\"https:\/\/hygie31.com\/wp-content\/uploads\/2023\/11\/cropped-logo.png\",\"contentUrl\":\"https:\/\/hygie31.com\/wp-content\/uploads\/2023\/11\/cropped-logo.png\",\"width\":149,\"height\":78,\"caption\":\"Hygie31\"},\"image\":{\"@id\":\"https:\/\/hygie31.com\/#\/schema\/logo\/image\/\"}}]}<\/script>\n<!-- \/ Yoast SEO plugin. -->","yoast_head_json":{"title":"Formulaire - Hygie31","robots":{"index":"index","follow":"follow","max-snippet":"max-snippet:-1","max-image-preview":"max-image-preview:large","max-video-preview":"max-video-preview:-1"},"canonical":"https:\/\/hygie31.com\/en\/formulaire\/","og_locale":"en_US","og_type":"article","og_title":"Formulaire - Hygie31","og_description":"Candidatez aux projets Projet troph\u00e9e Vous souhaitez candidater pour * Prix de l&rsquo;engagement Troph\u00e9es de l&rsquo;innovation Vous \u00eates * Un adh\u00e9rent du groupe Hygie31 Une association parrain\u00e9e Acc\u00e9der au formulaire pour les adh\u00e9rents Acc\u00e9der au formulaire pour les associations Acc\u00e9der au formulaire pour les troph\u00e9es de l&rsquo;innovation Envoyer Si vous \u00eates un humain, ne remplissez [&hellip;]","og_url":"https:\/\/hygie31.com\/en\/formulaire\/","og_site_name":"Hygie31","article_modified_time":"2026-02-17T10:11:54+00:00","twitter_card":"summary_large_image","twitter_misc":{"Est. reading time":"1 minute"},"schema":{"@context":"https:\/\/schema.org","@graph":[{"@type":"WebPage","@id":"https:\/\/hygie31.com\/formulaire\/","url":"https:\/\/hygie31.com\/formulaire\/","name":"Formulaire - Hygie31","isPartOf":{"@id":"https:\/\/hygie31.com\/#website"},"datePublished":"2026-02-09T14:13:26+00:00","dateModified":"2026-02-17T10:11:54+00:00","breadcrumb":{"@id":"https:\/\/hygie31.com\/formulaire\/#breadcrumb"},"inLanguage":"en-US","potentialAction":[{"@type":"ReadAction","target":["https:\/\/hygie31.com\/formulaire\/"]}]},{"@type":"BreadcrumbList","@id":"https:\/\/hygie31.com\/formulaire\/#breadcrumb","itemListElement":[{"@type":"ListItem","position":1,"name":"Accueil","item":"https:\/\/hygie31.com\/"},{"@type":"ListItem","position":2,"name":"Formulaire"}]},{"@type":"WebSite","@id":"https:\/\/hygie31.com\/#website","url":"https:\/\/hygie31.com\/","name":"Hygie31","description":"","publisher":{"@id":"https:\/\/hygie31.com\/#organization"},"potentialAction":[{"@type":"SearchAction","target":{"@type":"EntryPoint","urlTemplate":"https:\/\/hygie31.com\/?s={search_term_string}"},"query-input":{"@type":"PropertyValueSpecification","valueRequired":true,"valueName":"search_term_string"}}],"inLanguage":"en-US"},{"@type":"Organization","@id":"https:\/\/hygie31.com\/#organization","name":"Hygie31","url":"https:\/\/hygie31.com\/","logo":{"@type":"ImageObject","inLanguage":"en-US","@id":"https:\/\/hygie31.com\/#\/schema\/logo\/image\/","url":"https:\/\/hygie31.com\/wp-content\/uploads\/2023\/11\/cropped-logo.png","contentUrl":"https:\/\/hygie31.com\/wp-content\/uploads\/2023\/11\/cropped-logo.png","width":149,"height":78,"caption":"Hygie31"},"image":{"@id":"https:\/\/hygie31.com\/#\/schema\/logo\/image\/"}}]}},"_links":{"self":[{"href":"https:\/\/hygie31.com\/en\/wp-json\/wp\/v2\/pages\/7570","targetHints":{"allow":["GET"]}}],"collection":[{"href":"https:\/\/hygie31.com\/en\/wp-json\/wp\/v2\/pages"}],"about":[{"href":"https:\/\/hygie31.com\/en\/wp-json\/wp\/v2\/types\/page"}],"author":[{"embeddable":true,"href":"https:\/\/hygie31.com\/en\/wp-json\/wp\/v2\/users\/1"}],"replies":[{"embeddable":true,"href":"https:\/\/hygie31.com\/en\/wp-json\/wp\/v2\/comments?post=7570"}],"version-history":[{"count":97,"href":"https:\/\/hygie31.com\/en\/wp-json\/wp\/v2\/pages\/7570\/revisions"}],"predecessor-version":[{"id":8259,"href":"https:\/\/hygie31.com\/en\/wp-json\/wp\/v2\/pages\/7570\/revisions\/8259"}],"wp:attachment":[{"href":"https:\/\/hygie31.com\/en\/wp-json\/wp\/v2\/media?parent=7570"}],"curies":[{"name":"wp","href":"https:\/\/api.w.org\/{rel}","templated":true}]}}