{"id":6786,"date":"2025-10-09T15:04:26","date_gmt":"2025-10-09T15:04:26","guid":{"rendered":"https:\/\/hygie31.com\/job-openings\/"},"modified":"2025-10-09T15:04:26","modified_gmt":"2025-10-09T15:04:26","slug":"job-openings","status":"publish","type":"page","link":"https:\/\/hygie31.com\/en\/job-openings\/","title":{"rendered":"Jobs"},"content":{"rendered":"\t<div class=\"awsm-job-wrap\">\n\n\t\t<div class=\"awsm-filter-wrap awsm-no-search-filter-wrap\"><form action=\"https:\/\/hygie31.com\/wp-admin\/admin-ajax.php\" method=\"POST\"><a href=\"#\" class=\"awsm-filter-toggle\" role=\"button\" aria-pressed=\"false\"><span class=\"awsm-filter-toggle-text-wrapper\">Filter by<\/span><svg width=\"100\" height=\"100\" viewBox=\"0 0 100 100\" xmlns=\"http:\/\/www.w3.org\/2000\/svg\" version=\"1.1\" preserveAspectRatio=\"xMinYMin\"><path xmlns=\"http:\/\/www.w3.org\/2000\/svg\" fill=\"rgb(9.803922%,9.803922%,9.803922%)\" d=\"M 36.417969 19.9375 L 36.417969 17.265625 C 36.417969 16.160156 35.523438 15.265625 34.417969 15.265625 L 21.578125 15.265625 C 20.476562 15.265625 19.578125 16.160156 19.578125 17.265625 L 19.578125 19.9375 L 11 19.9375 L 11 26.9375 L 19.578125 26.9375 L 19.578125 30.105469 C 19.578125 31.210938 20.476562 32.105469 21.578125 32.105469 L 34.417969 32.105469 C 35.523438 32.105469 36.417969 31.210938 36.417969 30.105469 L 36.417969 26.9375 L 89 26.9375 L 89 19.9375 Z M 58.421875 43.578125 C 58.421875 42.476562 57.527344 41.578125 56.421875 41.578125 L 43.582031 41.578125 C 42.480469 41.578125 41.582031 42.476562 41.582031 43.578125 L 41.582031 46.5 L 11 46.5 L 11 53.5 L 41.582031 53.5 L 41.582031 56.421875 C 41.582031 57.527344 42.480469 58.421875 43.582031 58.421875 L 56.421875 58.421875 C 57.527344 58.421875 58.421875 57.527344 58.421875 56.421875 L 58.421875 53.5 L 89 53.5 L 89 46.5 L 58.421875 46.5 Z M 80.417969 70.140625 C 80.417969 69.035156 79.523438 68.140625 78.417969 68.140625 L 65.578125 68.140625 C 64.476562 68.140625 63.578125 69.035156 63.578125 70.140625 L 63.578125 73.0625 L 11 73.0625 L 11 80.0625 L 63.578125 80.0625 L 63.578125 82.984375 C 63.578125 84.085938 64.476562 84.984375 65.578125 84.984375 L 78.417969 84.984375 C 79.523438 84.984375 80.417969 84.085938 80.417969 82.984375 L 80.417969 80.0625 L 89 80.0625 L 89 73.0625 L 80.417969 73.0625 Z M 80.417969 70.140625\"\/><\/svg><\/a><div class=\"awsm-filter-items\"><div class=\"awsm-filter-item\" data-filter=\"job__type_spec\"><label for=\"awsm-job-type-filter-option-1\" class=\"awsm-sr-only\"> Filiale<\/label><select name=\"awsm_job_spec[job-type]\" class=\"awsm-filter-option awsm-job-type-filter-option\" id=\"awsm-job-type-filter-option-1\" aria-label=\" Filiale\"><option value=\"\"> Filiale<\/option><option value=\"120\" data-slug=\"capvital\">CapVital<\/option><option value=\"32\" data-slug=\"dhygietal\">Dhygietal<\/option><option value=\"17\" data-slug=\"hygie31\">Hygie31<\/option><option value=\"16\" data-slug=\"laf-sante\">Laf Sant\u00e9<\/option><\/select><\/div><div class=\"awsm-filter-item\" data-filter=\"job__location_spec\"><label for=\"awsm-job-location-filter-option-1\" class=\"awsm-sr-only\"> Types de contrat<\/label><select name=\"awsm_job_spec[job-location]\" class=\"awsm-filter-option awsm-job-location-filter-option\" id=\"awsm-job-location-filter-option-1\" aria-label=\" Types de contrat\"><option value=\"\"> Types de contrat<\/option><option value=\"38\" data-slug=\"alternance\">Alternance<\/option><option value=\"18\" data-slug=\"cdi\">CDI<\/option><\/select><\/div><div class=\"awsm-filter-item\" data-filter=\"localisation_spec\"><label for=\"awsm-localisation-filter-option-1\" class=\"awsm-sr-only\"> Localisation<\/label><select name=\"awsm_job_spec[localisation]\" class=\"awsm-filter-option awsm-localisation-filter-option\" id=\"awsm-localisation-filter-option-1\" aria-label=\" Localisation\"><option value=\"\"> Localisation<\/option><option value=\"119\" data-slug=\"chalons-en-champagne\">Ch\u00e2lons en Champagne<\/option><option value=\"55\" data-slug=\"paris\">Paris<\/option><option value=\"54\" data-slug=\"toulouse\">Toulouse<\/option><\/select><\/div><div class=\"awsm-filter-item\" data-filter=\"activite_spec\"><label for=\"awsm-activite-filter-option-1\" class=\"awsm-sr-only\"> Secteur d&#039;activit\u00e9<\/label><select name=\"awsm_job_spec[activite]\" class=\"awsm-filter-option awsm-activite-filter-option\" id=\"awsm-activite-filter-option-1\" aria-label=\" Secteur d&#039;activit\u00e9\"><option value=\"\"> Secteur d&#039;activit\u00e9<\/option><option value=\"100\" data-slug=\"agencement\">Agencement<\/option><option value=\"90\" data-slug=\"commerce\">Commerce<\/option><option value=\"97\" data-slug=\"comptabilite-finance\">Comptabilit\u00e9 &amp; Finance<\/option><option value=\"92\" data-slug=\"informatique\">Informatique<\/option><option value=\"94\" data-slug=\"marketing\">Marketing<\/option><option value=\"99\" data-slug=\"merchandising\">Merchandising<\/option><\/select><\/div><\/div><input type=\"hidden\" name=\"action\" value=\"jobfilter\"><\/form><\/div>\n\t\t<div class=\"awsm-job-listings awsm-row awsm-grid-col-4\" data-listings=\"8\">\n\t\t\t\t\t<div class=\"awsm-job-listing-item awsm-grid-item\" id=\"awsm-grid-item-8831\">\t\t<a href=\"https:\/\/hygie31.com\/en\/jobs\/consultant-moa-finance-expert-sage-x3-h-f\/\" class=\"awsm-job-item\">\t\t\t<div class=\"awsm-grid-left-col\">\n\t\t\t\t\n\t\t\t\t\n\t\t\t\t<h2 class=\"awsm-job-post-title\">\n\t\t\t\t\tConsultant MOA Finance \/ Expert Sage X3 (H\/F)\t\t\t\t<\/h2>\n\n\t\t\t\t\t\t\t<\/div>\n\n\t\t\t<div class=\"awsm-grid-right-col\">\n\t\t\t\t<div class=\"awsm-job-specification-wrapper\"><div class=\"awsm-job-specification-item awsm-job-specification-job-type\"><i class=\"awsm-job-icon-building\"><\/i><span class=\"awsm-job-specification-term\">Hygie31<\/span> <\/div><div class=\"awsm-job-specification-item awsm-job-specification-job-location\"><i class=\"awsm-job-icon-address-book\"><\/i><span class=\"awsm-job-specification-term\">CDI<\/span> <\/div><div class=\"awsm-job-specification-item awsm-job-specification-localisation\"><i class=\"awsm-job-icon-location-arrow\"><\/i><span class=\"awsm-job-specification-term\">Toulouse<\/span> <\/div><\/div><div class=\"awsm-job-more-container\"><span class=\"awsm-job-more\">En savoir plus <span><\/span><\/span><\/div>\t\t\t<\/div>\n\t\t<\/a>\t<\/div><div class=\"awsm-job-listing-item awsm-grid-item\" id=\"awsm-grid-item-8820\">\t\t<a href=\"https:\/\/hygie31.com\/en\/jobs\/8820\/\" class=\"awsm-job-item\">\t\t\t<div class=\"awsm-grid-left-col\">\n\t\t\t\t\n\t\t\t\t\n\t\t\t\t<h2 class=\"awsm-job-post-title\">\n\t\t\t\t\tALTERNANCE \u2013 DESSINATEUR(TRICE) PROJETEUR(SE) AGENCEMENT (2 ANS)\t\t\t\t<\/h2>\n\n\t\t\t\t\t\t\t<\/div>\n\n\t\t\t<div class=\"awsm-grid-right-col\">\n\t\t\t\t<div class=\"awsm-job-specification-wrapper\"><div class=\"awsm-job-specification-item awsm-job-specification-job-type\"><i class=\"awsm-job-icon-building\"><\/i><span class=\"awsm-job-specification-term\">Laf Sant\u00e9<\/span> <\/div><div class=\"awsm-job-specification-item awsm-job-specification-job-location\"><i class=\"awsm-job-icon-address-book\"><\/i><span class=\"awsm-job-specification-term\">Alternance<\/span> <\/div><div class=\"awsm-job-specification-item awsm-job-specification-localisation\"><i class=\"awsm-job-icon-location-arrow\"><\/i><span class=\"awsm-job-specification-term\">Toulouse<\/span> <\/div><\/div><div class=\"awsm-job-more-container\"><span class=\"awsm-job-more\">En savoir plus <span><\/span><\/span><\/div>\t\t\t<\/div>\n\t\t<\/a>\t<\/div><div class=\"awsm-job-listing-item awsm-grid-item\" id=\"awsm-grid-item-8819\">\t\t<a href=\"https:\/\/hygie31.com\/en\/jobs\/alternante-merchandising\/\" class=\"awsm-job-item\">\t\t\t<div class=\"awsm-grid-left-col\">\n\t\t\t\t\n\t\t\t\t\n\t\t\t\t<h2 class=\"awsm-job-post-title\">\n\t\t\t\t\tAlternant(e) Merchandising\t\t\t\t<\/h2>\n\n\t\t\t\t\t\t\t<\/div>\n\n\t\t\t<div class=\"awsm-grid-right-col\">\n\t\t\t\t<div class=\"awsm-job-specification-wrapper\"><div class=\"awsm-job-specification-item awsm-job-specification-job-type\"><i class=\"awsm-job-icon-building\"><\/i><span class=\"awsm-job-specification-term\">Laf Sant\u00e9<\/span> <\/div><div class=\"awsm-job-specification-item awsm-job-specification-job-location\"><i class=\"awsm-job-icon-address-book\"><\/i><span class=\"awsm-job-specification-term\">Alternance<\/span> <\/div><div class=\"awsm-job-specification-item awsm-job-specification-localisation\"><i class=\"awsm-job-icon-location-arrow\"><\/i><span class=\"awsm-job-specification-term\">Toulouse<\/span> <\/div><\/div><div class=\"awsm-job-more-container\"><span class=\"awsm-job-more\">En savoir plus <span><\/span><\/span><\/div>\t\t\t<\/div>\n\t\t<\/a>\t<\/div><div class=\"awsm-job-listing-item awsm-grid-item\" id=\"awsm-grid-item-8811\">\t\t<a href=\"https:\/\/hygie31.com\/en\/jobs\/directeur-comptable-consolidation-h-f-toulouse-cdi\/\" class=\"awsm-job-item\">\t\t\t<div class=\"awsm-grid-left-col\">\n\t\t\t\t\n\t\t\t\t\n\t\t\t\t<h2 class=\"awsm-job-post-title\">\n\t\t\t\t\tDirecteur\u00a0Comptable\u00a0\u2013\u00a0Consolidation\u00a0(H\/F)\u00a0Toulouse\u00a0\u2013\u00a0CDI\t\t\t\t<\/h2>\n\n\t\t\t\t\t\t\t<\/div>\n\n\t\t\t<div class=\"awsm-grid-right-col\">\n\t\t\t\t<div class=\"awsm-job-specification-wrapper\"><div class=\"awsm-job-specification-item awsm-job-specification-job-type\"><i class=\"awsm-job-icon-building\"><\/i><span class=\"awsm-job-specification-term\">Hygie31<\/span> <\/div><div class=\"awsm-job-specification-item awsm-job-specification-job-location\"><i class=\"awsm-job-icon-address-book\"><\/i><span class=\"awsm-job-specification-term\">CDI<\/span> <\/div><div class=\"awsm-job-specification-item awsm-job-specification-localisation\"><i class=\"awsm-job-icon-location-arrow\"><\/i><span class=\"awsm-job-specification-term\">Toulouse<\/span> <\/div><\/div><div class=\"awsm-job-more-container\"><span class=\"awsm-job-more\">En savoir plus <span><\/span><\/span><\/div>\t\t\t<\/div>\n\t\t<\/a>\t<\/div><div class=\"awsm-job-listing-item awsm-grid-item\" id=\"awsm-grid-item-8772\">\t\t<a href=\"https:\/\/hygie31.com\/en\/jobs\/responsable-regie-media-groupe-h-f\/\" class=\"awsm-job-item\">\t\t\t<div class=\"awsm-grid-left-col\">\n\t\t\t\t\n\t\t\t\t\n\t\t\t\t<h2 class=\"awsm-job-post-title\">\n\t\t\t\t\tResponsable R\u00e9gie M\u00e9dia Groupe H\/F\t\t\t\t<\/h2>\n\n\t\t\t\t\t\t\t<\/div>\n\n\t\t\t<div class=\"awsm-grid-right-col\">\n\t\t\t\t<div class=\"awsm-job-specification-wrapper\"><div class=\"awsm-job-specification-item awsm-job-specification-job-type\"><i class=\"awsm-job-icon-building\"><\/i><span class=\"awsm-job-specification-term\">Hygie31<\/span> <\/div><div class=\"awsm-job-specification-item awsm-job-specification-job-location\"><i class=\"awsm-job-icon-address-book\"><\/i><span class=\"awsm-job-specification-term\">CDI<\/span> <\/div><div class=\"awsm-job-specification-item awsm-job-specification-localisation\"><i class=\"awsm-job-icon-location-arrow\"><\/i><span class=\"awsm-job-specification-term\">Toulouse<\/span> <\/div><\/div><div class=\"awsm-job-more-container\"><span class=\"awsm-job-more\">En savoir plus <span><\/span><\/span><\/div>\t\t\t<\/div>\n\t\t<\/a>\t<\/div><div class=\"awsm-job-listing-item awsm-grid-item\" id=\"awsm-grid-item-8771\">\t\t<a href=\"https:\/\/hygie31.com\/en\/jobs\/data-analyst-analytics-engineer-confirme-h-f\/\" class=\"awsm-job-item\">\t\t\t<div class=\"awsm-grid-left-col\">\n\t\t\t\t\n\t\t\t\t\n\t\t\t\t<h2 class=\"awsm-job-post-title\">\n\t\t\t\t\tData Analyst \/ Analytics Engineer confirm\u00e9 (H\/F)\t\t\t\t<\/h2>\n\n\t\t\t\t\t\t\t<\/div>\n\n\t\t\t<div class=\"awsm-grid-right-col\">\n\t\t\t\t<div class=\"awsm-job-specification-wrapper\"><div class=\"awsm-job-specification-item awsm-job-specification-job-type\"><i class=\"awsm-job-icon-building\"><\/i><span class=\"awsm-job-specification-term\">Hygie31<\/span> <\/div><div class=\"awsm-job-specification-item awsm-job-specification-job-location\"><i class=\"awsm-job-icon-address-book\"><\/i><span class=\"awsm-job-specification-term\">CDI<\/span> <\/div><div class=\"awsm-job-specification-item awsm-job-specification-localisation\"><i class=\"awsm-job-icon-location-arrow\"><\/i><span class=\"awsm-job-specification-term\">Toulouse<\/span> <\/div><\/div><div class=\"awsm-job-more-container\"><span class=\"awsm-job-more\">En savoir plus <span><\/span><\/span><\/div>\t\t\t<\/div>\n\t\t<\/a>\t<\/div><div class=\"awsm-job-listing-item awsm-grid-item\" id=\"awsm-grid-item-8586\">\t\t<a href=\"https:\/\/hygie31.com\/en\/jobs\/business-developer-optique-lafsante-f-h\/\" class=\"awsm-job-item\">\t\t\t<div class=\"awsm-grid-left-col\">\n\t\t\t\t\n\t\t\t\t\n\t\t\t\t<h2 class=\"awsm-job-post-title\">\n\t\t\t\t\tBusiness Developer Optique LafSant\u00e9 F\/H\t\t\t\t<\/h2>\n\n\t\t\t\t\t\t\t<\/div>\n\n\t\t\t<div class=\"awsm-grid-right-col\">\n\t\t\t\t<div class=\"awsm-job-specification-wrapper\"><div class=\"awsm-job-specification-item awsm-job-specification-job-type\"><i class=\"awsm-job-icon-building\"><\/i><span class=\"awsm-job-specification-term\">Laf Sant\u00e9<\/span> <\/div><div class=\"awsm-job-specification-item awsm-job-specification-job-location\"><i class=\"awsm-job-icon-address-book\"><\/i><span class=\"awsm-job-specification-term\">CDI<\/span> <\/div><div class=\"awsm-job-specification-item awsm-job-specification-localisation\"><i class=\"awsm-job-icon-location-arrow\"><\/i><span class=\"awsm-job-specification-term\">Paris<\/span> <\/div><\/div><div class=\"awsm-job-more-container\"><span class=\"awsm-job-more\">En savoir plus <span><\/span><\/span><\/div>\t\t\t<\/div>\n\t\t<\/a>\t<\/div><div class=\"awsm-job-listing-item awsm-grid-item\" id=\"awsm-grid-item-8535\">\t\t<a href=\"https:\/\/hygie31.com\/en\/jobs\/controleur-de-gestion-controleuse-de-gestion-experimente\/\" class=\"awsm-job-item\">\t\t\t<div class=\"awsm-grid-left-col\">\n\t\t\t\t\n\t\t\t\t\n\t\t\t\t<h2 class=\"awsm-job-post-title\">\n\t\t\t\t\tContr\u00f4leur de gestion\/Contr\u00f4leuse de gestion exp\u00e9riment\u00e9\t\t\t\t<\/h2>\n\n\t\t\t\t\t\t\t<\/div>\n\n\t\t\t<div class=\"awsm-grid-right-col\">\n\t\t\t\t<div class=\"awsm-job-specification-wrapper\"><div class=\"awsm-job-specification-item awsm-job-specification-job-type\"><i class=\"awsm-job-icon-building\"><\/i><span class=\"awsm-job-specification-term\">CapVital<\/span> <\/div><div class=\"awsm-job-specification-item awsm-job-specification-job-location\"><i class=\"awsm-job-icon-address-book\"><\/i><span class=\"awsm-job-specification-term\">CDI<\/span> <\/div><div class=\"awsm-job-specification-item awsm-job-specification-localisation\"><i class=\"awsm-job-icon-location-arrow\"><\/i><span class=\"awsm-job-specification-term\">Paris<\/span> <\/div><\/div><div class=\"awsm-job-more-container\"><span class=\"awsm-job-more\">En savoir plus <span><\/span><\/span><\/div>\t\t\t<\/div>\n\t\t<\/a>\t<\/div><div class=\"awsm-jobs-pagination awsm-load-more-main\"><a href=\"#\" class=\"awsm-load-more awsm-load-more-btn\" data-page=\"1\">Charger plus d&#039;offres<\/a><\/div>\t\t\t\t<\/div>\n\t<\/div>\n\n","protected":false},"excerpt":{"rendered":"","protected":false},"author":1,"featured_media":0,"parent":0,"menu_order":0,"comment_status":"closed","ping_status":"closed","template":"","meta":{"_acf_changed":false,"inline_featured_image":false,"footnotes":""},"class_list":["post-6786","page","type-page","status-publish","hentry"],"acf":[],"yoast_head":"<!-- This site is optimized with the Yoast SEO plugin v27.3 - https:\/\/yoast.com\/product\/yoast-seo-wordpress\/ -->\n<title>Jobs - Hygie31<\/title>\n<meta name=\"robots\" content=\"index, follow, max-snippet:-1, max-image-preview:large, max-video-preview:-1\" \/>\n<link rel=\"canonical\" href=\"https:\/\/hygie31.com\/en\/job-openings\/\" \/>\n<meta property=\"og:locale\" content=\"en_US\" \/>\n<meta property=\"og:type\" content=\"article\" \/>\n<meta property=\"og:title\" content=\"Jobs - Hygie31\" \/>\n<meta property=\"og:url\" content=\"https:\/\/hygie31.com\/en\/job-openings\/\" \/>\n<meta property=\"og:site_name\" content=\"Hygie31\" \/>\n<meta name=\"twitter:card\" content=\"summary_large_image\" \/>\n<script type=\"application\/ld+json\" class=\"yoast-schema-graph\">{\"@context\":\"https:\\\/\\\/schema.org\",\"@graph\":[{\"@type\":\"WebPage\",\"@id\":\"https:\\\/\\\/hygie31.com\\\/job-openings\\\/\",\"url\":\"https:\\\/\\\/hygie31.com\\\/job-openings\\\/\",\"name\":\"Jobs - Hygie31\",\"isPartOf\":{\"@id\":\"https:\\\/\\\/hygie31.com\\\/#website\"},\"datePublished\":\"2025-10-09T15:04:26+00:00\",\"breadcrumb\":{\"@id\":\"https:\\\/\\\/hygie31.com\\\/job-openings\\\/#breadcrumb\"},\"inLanguage\":\"en-US\",\"potentialAction\":[{\"@type\":\"ReadAction\",\"target\":[\"https:\\\/\\\/hygie31.com\\\/job-openings\\\/\"]}]},{\"@type\":\"BreadcrumbList\",\"@id\":\"https:\\\/\\\/hygie31.com\\\/job-openings\\\/#breadcrumb\",\"itemListElement\":[{\"@type\":\"ListItem\",\"position\":1,\"name\":\"Accueil\",\"item\":\"https:\\\/\\\/hygie31.com\\\/\"},{\"@type\":\"ListItem\",\"position\":2,\"name\":\"Jobs\"}]},{\"@type\":\"WebSite\",\"@id\":\"https:\\\/\\\/hygie31.com\\\/#website\",\"url\":\"https:\\\/\\\/hygie31.com\\\/\",\"name\":\"Hygie31\",\"description\":\"\",\"publisher\":{\"@id\":\"https:\\\/\\\/hygie31.com\\\/#organization\"},\"potentialAction\":[{\"@type\":\"SearchAction\",\"target\":{\"@type\":\"EntryPoint\",\"urlTemplate\":\"https:\\\/\\\/hygie31.com\\\/?s={search_term_string}\"},\"query-input\":{\"@type\":\"PropertyValueSpecification\",\"valueRequired\":true,\"valueName\":\"search_term_string\"}}],\"inLanguage\":\"en-US\"},{\"@type\":\"Organization\",\"@id\":\"https:\\\/\\\/hygie31.com\\\/#organization\",\"name\":\"Hygie31\",\"url\":\"https:\\\/\\\/hygie31.com\\\/\",\"logo\":{\"@type\":\"ImageObject\",\"inLanguage\":\"en-US\",\"@id\":\"https:\\\/\\\/hygie31.com\\\/#\\\/schema\\\/logo\\\/image\\\/\",\"url\":\"https:\\\/\\\/hygie31.com\\\/wp-content\\\/uploads\\\/2023\\\/11\\\/cropped-logo.png\",\"contentUrl\":\"https:\\\/\\\/hygie31.com\\\/wp-content\\\/uploads\\\/2023\\\/11\\\/cropped-logo.png\",\"width\":149,\"height\":78,\"caption\":\"Hygie31\"},\"image\":{\"@id\":\"https:\\\/\\\/hygie31.com\\\/#\\\/schema\\\/logo\\\/image\\\/\"}}]}<\/script>\n<!-- \/ Yoast SEO plugin. -->","yoast_head_json":{"title":"Jobs - Hygie31","robots":{"index":"index","follow":"follow","max-snippet":"max-snippet:-1","max-image-preview":"max-image-preview:large","max-video-preview":"max-video-preview:-1"},"canonical":"https:\/\/hygie31.com\/en\/job-openings\/","og_locale":"en_US","og_type":"article","og_title":"Jobs - Hygie31","og_url":"https:\/\/hygie31.com\/en\/job-openings\/","og_site_name":"Hygie31","twitter_card":"summary_large_image","schema":{"@context":"https:\/\/schema.org","@graph":[{"@type":"WebPage","@id":"https:\/\/hygie31.com\/job-openings\/","url":"https:\/\/hygie31.com\/job-openings\/","name":"Jobs - Hygie31","isPartOf":{"@id":"https:\/\/hygie31.com\/#website"},"datePublished":"2025-10-09T15:04:26+00:00","breadcrumb":{"@id":"https:\/\/hygie31.com\/job-openings\/#breadcrumb"},"inLanguage":"en-US","potentialAction":[{"@type":"ReadAction","target":["https:\/\/hygie31.com\/job-openings\/"]}]},{"@type":"BreadcrumbList","@id":"https:\/\/hygie31.com\/job-openings\/#breadcrumb","itemListElement":[{"@type":"ListItem","position":1,"name":"Accueil","item":"https:\/\/hygie31.com\/"},{"@type":"ListItem","position":2,"name":"Jobs"}]},{"@type":"WebSite","@id":"https:\/\/hygie31.com\/#website","url":"https:\/\/hygie31.com\/","name":"Hygie31","description":"","publisher":{"@id":"https:\/\/hygie31.com\/#organization"},"potentialAction":[{"@type":"SearchAction","target":{"@type":"EntryPoint","urlTemplate":"https:\/\/hygie31.com\/?s={search_term_string}"},"query-input":{"@type":"PropertyValueSpecification","valueRequired":true,"valueName":"search_term_string"}}],"inLanguage":"en-US"},{"@type":"Organization","@id":"https:\/\/hygie31.com\/#organization","name":"Hygie31","url":"https:\/\/hygie31.com\/","logo":{"@type":"ImageObject","inLanguage":"en-US","@id":"https:\/\/hygie31.com\/#\/schema\/logo\/image\/","url":"https:\/\/hygie31.com\/wp-content\/uploads\/2023\/11\/cropped-logo.png","contentUrl":"https:\/\/hygie31.com\/wp-content\/uploads\/2023\/11\/cropped-logo.png","width":149,"height":78,"caption":"Hygie31"},"image":{"@id":"https:\/\/hygie31.com\/#\/schema\/logo\/image\/"}}]}},"_links":{"self":[{"href":"https:\/\/hygie31.com\/en\/wp-json\/wp\/v2\/pages\/6786","targetHints":{"allow":["GET"]}}],"collection":[{"href":"https:\/\/hygie31.com\/en\/wp-json\/wp\/v2\/pages"}],"about":[{"href":"https:\/\/hygie31.com\/en\/wp-json\/wp\/v2\/types\/page"}],"author":[{"embeddable":true,"href":"https:\/\/hygie31.com\/en\/wp-json\/wp\/v2\/users\/1"}],"replies":[{"embeddable":true,"href":"https:\/\/hygie31.com\/en\/wp-json\/wp\/v2\/comments?post=6786"}],"version-history":[{"count":0,"href":"https:\/\/hygie31.com\/en\/wp-json\/wp\/v2\/pages\/6786\/revisions"}],"wp:attachment":[{"href":"https:\/\/hygie31.com\/en\/wp-json\/wp\/v2\/media?parent=6786"}],"curies":[{"name":"wp","href":"https:\/\/api.w.org\/{rel}","templated":true}]}}