{"id":5224,"date":"2025-06-12T12:50:11","date_gmt":"2025-06-12T12:50:11","guid":{"rendered":"https:\/\/hygie31.com\/?page_id=5224"},"modified":"2026-01-02T16:27:13","modified_gmt":"2026-01-02T16:27:13","slug":"declaration-daccessibilit","status":"publish","type":"page","link":"https:\/\/hygie31.com\/en\/declaration-daccessibilit\/","title":{"rendered":"Accessibility statement"},"content":{"rendered":"<p>Nous nous engageons \u00e0 rendre ce site internet accessible conform\u00e9ment \u00e0 l\u2019article 47 de la loi n\u00b02005-102 du 11 f\u00e9vrier 2005.<\/p>\n\n\n\n<p><strong>\u00c9tat de conformit\u00e9<br><\/strong>Ce site est conforme au r\u00e9f\u00e9rentiel g\u00e9n\u00e9ral d\u2019am\u00e9lioration de l\u2019accessibilit\u00e9 (RGAA 4.1).<\/p>\n\n\n\n<p><strong>M\u00e9thode d\u2019\u00e9valuation<br><\/strong>L\u2019accessibilit\u00e9 du site a fait l\u2019objet d\u2019une \u00e9valuation en juin 2025, r\u00e9alis\u00e9e selon la m\u00e9thodologie du RGAA 4.1.<\/p>\n\n\n\n<p>Cette \u00e9valuation s\u2019est appuy\u00e9e sur des tests manuels ainsi que sur l\u2019utilisation d\u2019outils d\u2019analyse de l\u2019accessibilit\u00e9, notamment WAVE.<\/p>\n\n\n\n<p><strong>Actions correctives<br><\/strong>Les \u00e9ventuelles non-conformit\u00e9s identifi\u00e9es lors de l\u2019\u00e9valuation ont \u00e9t\u00e9 corrig\u00e9es, permettant d\u2019atteindre le niveau de conformit\u00e9 d\u00e9clar\u00e9.<\/p>\n\n\n\n<p>Une \u00e9valuation de l\u2019accessibilit\u00e9 est pr\u00e9vue tous les 12 mois afin de maintenir et d\u2019am\u00e9liorer le niveau de conformit\u00e9 du site dans le temps.<\/p>\n\n\n\n<p><strong>Retour d\u2019information et contact<br><\/strong>Si vous rencontrez une difficult\u00e9 pour acc\u00e9der \u00e0 un contenu ou \u00e0 un service, vous pouvez nous contacter :<\/p>\n\n\n\n<p>E-mail : contact@lafsante.com<br>T\u00e9l\u00e9phone : 05 61 57 86 23<\/p>","protected":false},"excerpt":{"rendered":"<p>Nous nous engageons \u00e0 rendre ce site internet accessible conform\u00e9ment \u00e0 l\u2019article 47 de la loi n\u00b02005-102 du 11 f\u00e9vrier 2005. \u00c9tat de conformit\u00e9Ce site est conforme au r\u00e9f\u00e9rentiel g\u00e9n\u00e9ral d\u2019am\u00e9lioration de l\u2019accessibilit\u00e9 (RGAA 4.1). M\u00e9thode d\u2019\u00e9valuationL\u2019accessibilit\u00e9 du site a fait l\u2019objet d\u2019une \u00e9valuation en juin 2025, r\u00e9alis\u00e9e selon la m\u00e9thodologie du RGAA 4.1. Cette [&hellip;]<\/p>\n","protected":false},"author":1,"featured_media":0,"parent":0,"menu_order":0,"comment_status":"closed","ping_status":"closed","template":"","meta":{"_acf_changed":false,"inline_featured_image":false,"footnotes":""},"class_list":["post-5224","page","type-page","status-publish","hentry"],"acf":[],"yoast_head":"<!-- This site is optimized with the Yoast SEO plugin v27.3 - https:\/\/yoast.com\/product\/yoast-seo-wordpress\/ -->\n<title>D\u00e9claration d&#039;accessibilit\u00e9 - Hygie31<\/title>\n<meta name=\"robots\" content=\"index, follow, max-snippet:-1, max-image-preview:large, max-video-preview:-1\" \/>\n<link rel=\"canonical\" href=\"https:\/\/hygie31.com\/en\/declaration-daccessibilit\/\" \/>\n<meta property=\"og:locale\" content=\"en_US\" \/>\n<meta property=\"og:type\" content=\"article\" \/>\n<meta property=\"og:title\" content=\"D\u00e9claration d&#039;accessibilit\u00e9 - Hygie31\" \/>\n<meta property=\"og:description\" content=\"Nous nous engageons \u00e0 rendre ce site internet accessible conform\u00e9ment \u00e0 l\u2019article 47 de la loi n\u00b02005-102 du 11 f\u00e9vrier 2005. \u00c9tat de conformit\u00e9Ce site est conforme au r\u00e9f\u00e9rentiel g\u00e9n\u00e9ral d\u2019am\u00e9lioration de l\u2019accessibilit\u00e9 (RGAA 4.1). M\u00e9thode d\u2019\u00e9valuationL\u2019accessibilit\u00e9 du site a fait l\u2019objet d\u2019une \u00e9valuation en juin 2025, r\u00e9alis\u00e9e selon la m\u00e9thodologie du RGAA 4.1. Cette [&hellip;]\" \/>\n<meta property=\"og:url\" content=\"https:\/\/hygie31.com\/en\/declaration-daccessibilit\/\" \/>\n<meta property=\"og:site_name\" content=\"Hygie31\" \/>\n<meta property=\"article:modified_time\" content=\"2026-01-02T16:27:13+00:00\" \/>\n<meta name=\"twitter:card\" content=\"summary_large_image\" \/>\n<meta name=\"twitter:label1\" content=\"Est. reading time\" \/>\n\t<meta name=\"twitter:data1\" content=\"1 minute\" \/>\n<script type=\"application\/ld+json\" class=\"yoast-schema-graph\">{\"@context\":\"https:\\\/\\\/schema.org\",\"@graph\":[{\"@type\":\"WebPage\",\"@id\":\"https:\\\/\\\/hygie31.com\\\/declaration-daccessibilit\\\/\",\"url\":\"https:\\\/\\\/hygie31.com\\\/declaration-daccessibilit\\\/\",\"name\":\"D\u00e9claration d'accessibilit\u00e9 - Hygie31\",\"isPartOf\":{\"@id\":\"https:\\\/\\\/hygie31.com\\\/#website\"},\"datePublished\":\"2025-06-12T12:50:11+00:00\",\"dateModified\":\"2026-01-02T16:27:13+00:00\",\"breadcrumb\":{\"@id\":\"https:\\\/\\\/hygie31.com\\\/declaration-daccessibilit\\\/#breadcrumb\"},\"inLanguage\":\"en-US\",\"potentialAction\":[{\"@type\":\"ReadAction\",\"target\":[\"https:\\\/\\\/hygie31.com\\\/declaration-daccessibilit\\\/\"]}]},{\"@type\":\"BreadcrumbList\",\"@id\":\"https:\\\/\\\/hygie31.com\\\/declaration-daccessibilit\\\/#breadcrumb\",\"itemListElement\":[{\"@type\":\"ListItem\",\"position\":1,\"name\":\"Accueil\",\"item\":\"https:\\\/\\\/hygie31.com\\\/\"},{\"@type\":\"ListItem\",\"position\":2,\"name\":\"D\u00e9claration d&rsquo;accessibilit\u00e9\"}]},{\"@type\":\"WebSite\",\"@id\":\"https:\\\/\\\/hygie31.com\\\/#website\",\"url\":\"https:\\\/\\\/hygie31.com\\\/\",\"name\":\"Hygie31\",\"description\":\"\",\"publisher\":{\"@id\":\"https:\\\/\\\/hygie31.com\\\/#organization\"},\"potentialAction\":[{\"@type\":\"SearchAction\",\"target\":{\"@type\":\"EntryPoint\",\"urlTemplate\":\"https:\\\/\\\/hygie31.com\\\/?s={search_term_string}\"},\"query-input\":{\"@type\":\"PropertyValueSpecification\",\"valueRequired\":true,\"valueName\":\"search_term_string\"}}],\"inLanguage\":\"en-US\"},{\"@type\":\"Organization\",\"@id\":\"https:\\\/\\\/hygie31.com\\\/#organization\",\"name\":\"Hygie31\",\"url\":\"https:\\\/\\\/hygie31.com\\\/\",\"logo\":{\"@type\":\"ImageObject\",\"inLanguage\":\"en-US\",\"@id\":\"https:\\\/\\\/hygie31.com\\\/#\\\/schema\\\/logo\\\/image\\\/\",\"url\":\"https:\\\/\\\/hygie31.com\\\/wp-content\\\/uploads\\\/2023\\\/11\\\/cropped-logo.png\",\"contentUrl\":\"https:\\\/\\\/hygie31.com\\\/wp-content\\\/uploads\\\/2023\\\/11\\\/cropped-logo.png\",\"width\":149,\"height\":78,\"caption\":\"Hygie31\"},\"image\":{\"@id\":\"https:\\\/\\\/hygie31.com\\\/#\\\/schema\\\/logo\\\/image\\\/\"}}]}<\/script>\n<!-- \/ Yoast SEO plugin. -->","yoast_head_json":{"title":"D\u00e9claration d'accessibilit\u00e9 - Hygie31","robots":{"index":"index","follow":"follow","max-snippet":"max-snippet:-1","max-image-preview":"max-image-preview:large","max-video-preview":"max-video-preview:-1"},"canonical":"https:\/\/hygie31.com\/en\/declaration-daccessibilit\/","og_locale":"en_US","og_type":"article","og_title":"D\u00e9claration d'accessibilit\u00e9 - Hygie31","og_description":"Nous nous engageons \u00e0 rendre ce site internet accessible conform\u00e9ment \u00e0 l\u2019article 47 de la loi n\u00b02005-102 du 11 f\u00e9vrier 2005. \u00c9tat de conformit\u00e9Ce site est conforme au r\u00e9f\u00e9rentiel g\u00e9n\u00e9ral d\u2019am\u00e9lioration de l\u2019accessibilit\u00e9 (RGAA 4.1). M\u00e9thode d\u2019\u00e9valuationL\u2019accessibilit\u00e9 du site a fait l\u2019objet d\u2019une \u00e9valuation en juin 2025, r\u00e9alis\u00e9e selon la m\u00e9thodologie du RGAA 4.1. Cette [&hellip;]","og_url":"https:\/\/hygie31.com\/en\/declaration-daccessibilit\/","og_site_name":"Hygie31","article_modified_time":"2026-01-02T16:27:13+00:00","twitter_card":"summary_large_image","twitter_misc":{"Est. reading time":"1 minute"},"schema":{"@context":"https:\/\/schema.org","@graph":[{"@type":"WebPage","@id":"https:\/\/hygie31.com\/declaration-daccessibilit\/","url":"https:\/\/hygie31.com\/declaration-daccessibilit\/","name":"D\u00e9claration d'accessibilit\u00e9 - Hygie31","isPartOf":{"@id":"https:\/\/hygie31.com\/#website"},"datePublished":"2025-06-12T12:50:11+00:00","dateModified":"2026-01-02T16:27:13+00:00","breadcrumb":{"@id":"https:\/\/hygie31.com\/declaration-daccessibilit\/#breadcrumb"},"inLanguage":"en-US","potentialAction":[{"@type":"ReadAction","target":["https:\/\/hygie31.com\/declaration-daccessibilit\/"]}]},{"@type":"BreadcrumbList","@id":"https:\/\/hygie31.com\/declaration-daccessibilit\/#breadcrumb","itemListElement":[{"@type":"ListItem","position":1,"name":"Accueil","item":"https:\/\/hygie31.com\/"},{"@type":"ListItem","position":2,"name":"D\u00e9claration d&rsquo;accessibilit\u00e9"}]},{"@type":"WebSite","@id":"https:\/\/hygie31.com\/#website","url":"https:\/\/hygie31.com\/","name":"Hygie31","description":"","publisher":{"@id":"https:\/\/hygie31.com\/#organization"},"potentialAction":[{"@type":"SearchAction","target":{"@type":"EntryPoint","urlTemplate":"https:\/\/hygie31.com\/?s={search_term_string}"},"query-input":{"@type":"PropertyValueSpecification","valueRequired":true,"valueName":"search_term_string"}}],"inLanguage":"en-US"},{"@type":"Organization","@id":"https:\/\/hygie31.com\/#organization","name":"Hygie31","url":"https:\/\/hygie31.com\/","logo":{"@type":"ImageObject","inLanguage":"en-US","@id":"https:\/\/hygie31.com\/#\/schema\/logo\/image\/","url":"https:\/\/hygie31.com\/wp-content\/uploads\/2023\/11\/cropped-logo.png","contentUrl":"https:\/\/hygie31.com\/wp-content\/uploads\/2023\/11\/cropped-logo.png","width":149,"height":78,"caption":"Hygie31"},"image":{"@id":"https:\/\/hygie31.com\/#\/schema\/logo\/image\/"}}]}},"_links":{"self":[{"href":"https:\/\/hygie31.com\/en\/wp-json\/wp\/v2\/pages\/5224","targetHints":{"allow":["GET"]}}],"collection":[{"href":"https:\/\/hygie31.com\/en\/wp-json\/wp\/v2\/pages"}],"about":[{"href":"https:\/\/hygie31.com\/en\/wp-json\/wp\/v2\/types\/page"}],"author":[{"embeddable":true,"href":"https:\/\/hygie31.com\/en\/wp-json\/wp\/v2\/users\/1"}],"replies":[{"embeddable":true,"href":"https:\/\/hygie31.com\/en\/wp-json\/wp\/v2\/comments?post=5224"}],"version-history":[{"count":3,"href":"https:\/\/hygie31.com\/en\/wp-json\/wp\/v2\/pages\/5224\/revisions"}],"predecessor-version":[{"id":7326,"href":"https:\/\/hygie31.com\/en\/wp-json\/wp\/v2\/pages\/5224\/revisions\/7326"}],"wp:attachment":[{"href":"https:\/\/hygie31.com\/en\/wp-json\/wp\/v2\/media?parent=5224"}],"curies":[{"name":"wp","href":"https:\/\/api.w.org\/{rel}","templated":true}]}}